{"id":254111,"date":"2025-02-05T16:00:10","date_gmt":"2025-02-05T16:00:10","guid":{"rendered":"https:\/\/transitos.sdstico.com\/?page_id=254111"},"modified":"2025-02-18T22:27:23","modified_gmt":"2025-02-18T22:27:23","slug":"consulta-aqui-si-tienes-algun-comparendo","status":"publish","type":"page","link":"https:\/\/transitobarrancabermeja.gov.co\/ittb\/consulta-aqui-si-tienes-algun-comparendo\/","title":{"rendered":"Consulta aqu\u00ed si tienes alg\u00fan comparendo"},"content":{"rendered":"<p>[et_pb_section fb_built=&#8221;1&#8243; admin_label=&#8221;t\u00edtulo&#8221; _builder_version=&#8221;4.16&#8243; _module_preset=&#8221;default&#8221; custom_margin=&#8221;||||true&#8221; custom_padding=&#8221;30px||30px||true|false&#8221; locked=&#8221;off&#8221; global_colors_info=&#8221;{}&#8221;][et_pb_row _builder_version=&#8221;4.27.0&#8243; _module_preset=&#8221;default&#8221; background_color=&#8221;#f5f5f5&#8243; width=&#8221;100%&#8221; max_width=&#8221;2560px&#8221; module_alignment=&#8221;center&#8221; custom_margin=&#8221;0px||0px||true|false&#8221; custom_padding=&#8221;45px||45px||true|false&#8221; animation_style=&#8221;bounce&#8221; box_shadow_style=&#8221;preset1&#8243; box_shadow_vertical=&#8221;0px&#8221; box_shadow_blur=&#8221;14px&#8221; box_shadow_spread=&#8221;2px&#8221; locked=&#8221;off&#8221; global_colors_info=&#8221;{}&#8221;][et_pb_column type=&#8221;4_4&#8243; _builder_version=&#8221;4.16&#8243; _module_preset=&#8221;default&#8221; global_colors_info=&#8221;{}&#8221;][et_pb_text _builder_version=&#8221;4.27.0&#8243; _module_preset=&#8221;default&#8221; text_font=&#8221;Montserrat|700|||||||&#8221; text_text_color=&#8221;#FFFFFF&#8221; text_font_size=&#8221;60px&#8221; header_font=&#8221;Montserrat|700||on|||||&#8221; header_text_color=&#8221;#ff4940&#8243; header_font_size=&#8221;60px&#8221; custom_margin=&#8221;0px||-5px||false|false&#8221; custom_margin_tablet=&#8221;0px||-5px||false|false&#8221; custom_margin_phone=&#8221;0px||-10px||false|false&#8221; custom_margin_last_edited=&#8221;on|desktop&#8221; custom_padding=&#8221;0px||0px||false|false&#8221; header_font_size_tablet=&#8221;60px&#8221; header_font_size_phone=&#8221;34px&#8221; header_font_size_last_edited=&#8221;on|phone&#8221; global_colors_info=&#8221;{}&#8221;]<\/p>\n<h1 style=\"text-align: center;\">Fotomultas<\/h1>\n<p>[\/et_pb_text][\/et_pb_column][\/et_pb_row][\/et_pb_section][et_pb_section fb_built=&#8221;1&#8243; _builder_version=&#8221;4.27.0&#8243; _module_preset=&#8221;default&#8221; custom_padding=&#8221;10px||10px||true|false&#8221; global_colors_info=&#8221;{}&#8221;][et_pb_row _builder_version=&#8221;4.27.0&#8243; _module_preset=&#8221;default&#8221; background_color=&#8221;#f5f5f5&#8243; width=&#8221;100%&#8221; max_width=&#8221;2560px&#8221; module_alignment=&#8221;center&#8221; custom_margin=&#8221;0px||0px||true|false&#8221; custom_padding=&#8221;20px||20px||true|false&#8221; animation_style=&#8221;bounce&#8221; box_shadow_style=&#8221;preset1&#8243; box_shadow_vertical=&#8221;0px&#8221; box_shadow_blur=&#8221;14px&#8221; box_shadow_spread=&#8221;-3px&#8221; locked=&#8221;off&#8221; global_colors_info=&#8221;{}&#8221;][et_pb_column type=&#8221;4_4&#8243; _builder_version=&#8221;4.16&#8243; _module_preset=&#8221;default&#8221; global_colors_info=&#8221;{}&#8221;][et_pb_menu menu_id=&#8221;none&#8221; menu_style=&#8221;centered&#8221; active_link_color=&#8221;#000000&#8243; _builder_version=&#8221;4.27.0&#8243; _module_preset=&#8221;default&#8221; menu_font=&#8221;Montserrat|600|||||||&#8221; menu_font_size=&#8221;16px&#8221; background_enable_color=&#8221;off&#8221; global_colors_info=&#8221;{}&#8221;][\/et_pb_menu][\/et_pb_column][\/et_pb_row][\/et_pb_section][et_pb_section fb_built=&#8221;1&#8243; _builder_version=&#8221;4.27.0&#8243; _module_preset=&#8221;default&#8221; custom_padding=&#8221;53px||56px||false|false&#8221; global_colors_info=&#8221;{}&#8221;][et_pb_row _builder_version=&#8221;4.27.0&#8243; _module_preset=&#8221;default&#8221; global_colors_info=&#8221;{}&#8221;][et_pb_column type=&#8221;4_4&#8243; _builder_version=&#8221;4.27.0&#8243; _module_preset=&#8221;default&#8221; global_colors_info=&#8221;{}&#8221;][et_pb_code _builder_version=&#8221;4.27.0&#8243; _module_preset=&#8221;default&#8221; text_orientation=&#8221;center&#8221; hover_enabled=&#8221;0&#8243; global_colors_info=&#8221;{}&#8221; sticky_enabled=&#8221;0&#8243;]<iframe loading=\"lazy\" src=\"https:\/\/eja.transitoapp.co\/avisos\" width=\"100%\" height=\"600px\" style=\"border: none;\"><\/iframe><!-- [et_pb_line_break_holder] -->[\/et_pb_code][\/et_pb_column][\/et_pb_row][\/et_pb_section]<\/p>\n","protected":false},"excerpt":{"rendered":"<p>Fotomultas<iframe loading=\"lazy\" src=\"https:\/\/eja.transitoapp.co\/avisos\" width=\"100%\" height=\"600px\" style=\"border: none;\"><\/iframe><\/p>\n","protected":false},"author":1,"featured_media":0,"parent":0,"menu_order":0,"comment_status":"closed","ping_status":"closed","template":"","meta":{"_et_pb_use_builder":"on","_et_pb_old_content":"<!-- wp:divi\/placeholder \/-->","_et_gb_content_width":"","footnotes":""},"class_list":["post-254111","page","type-page","status-publish","hentry"],"jetpack_sharing_enabled":true,"_links":{"self":[{"href":"https:\/\/transitobarrancabermeja.gov.co\/ittb\/wp-json\/wp\/v2\/pages\/254111","targetHints":{"allow":["GET"]}}],"collection":[{"href":"https:\/\/transitobarrancabermeja.gov.co\/ittb\/wp-json\/wp\/v2\/pages"}],"about":[{"href":"https:\/\/transitobarrancabermeja.gov.co\/ittb\/wp-json\/wp\/v2\/types\/page"}],"author":[{"embeddable":true,"href":"https:\/\/transitobarrancabermeja.gov.co\/ittb\/wp-json\/wp\/v2\/users\/1"}],"replies":[{"embeddable":true,"href":"https:\/\/transitobarrancabermeja.gov.co\/ittb\/wp-json\/wp\/v2\/comments?post=254111"}],"version-history":[{"count":6,"href":"https:\/\/transitobarrancabermeja.gov.co\/ittb\/wp-json\/wp\/v2\/pages\/254111\/revisions"}],"predecessor-version":[{"id":254294,"href":"https:\/\/transitobarrancabermeja.gov.co\/ittb\/wp-json\/wp\/v2\/pages\/254111\/revisions\/254294"}],"wp:attachment":[{"href":"https:\/\/transitobarrancabermeja.gov.co\/ittb\/wp-json\/wp\/v2\/media?parent=254111"}],"curies":[{"name":"wp","href":"https:\/\/api.w.org\/{rel}","templated":true}]}}