{"id":254107,"date":"2025-02-05T15:59:10","date_gmt":"2025-02-05T15:59:10","guid":{"rendered":"https:\/\/transitos.sdstico.com\/?page_id=254107"},"modified":"2025-07-29T15:08:56","modified_gmt":"2025-07-29T15:08:56","slug":"inicio-fotodeteccion","status":"publish","type":"page","link":"https:\/\/transitobarrancabermeja.gov.co\/ittb\/inicio-fotodeteccion\/","title":{"rendered":"Fotodeteccion"},"content":{"rendered":"<p>[et_pb_section fb_built=&#8221;1&#8243; admin_label=&#8221;t\u00edtulo&#8221; _builder_version=&#8221;4.16&#8243; _module_preset=&#8221;default&#8221; background_color=&#8221;#f5f5f5&#8243; custom_margin=&#8221;||||true&#8221; custom_padding=&#8221;30px||30px||true|false&#8221; animation_style=&#8221;slide&#8221; animation_direction=&#8221;right&#8221; box_shadow_style=&#8221;preset1&#8243; locked=&#8221;off&#8221; global_colors_info=&#8221;{}&#8221;][et_pb_row _builder_version=&#8221;4.27.0&#8243; _module_preset=&#8221;default&#8221; background_enable_color=&#8221;off&#8221; width=&#8221;100%&#8221; max_width=&#8221;2560px&#8221; module_alignment=&#8221;center&#8221; custom_margin=&#8221;0px||||false|false&#8221; custom_margin_tablet=&#8221;0px||||false|false&#8221; custom_margin_phone=&#8221;0px||||false|false&#8221; custom_margin_last_edited=&#8221;on|tablet&#8221; locked=&#8221;off&#8221; global_colors_info=&#8221;{%22gcid-d04955a2-4fae-4ef7-8f9d-d0771001e9c2%22:%91%22background_color%22%93}&#8221;][et_pb_column type=&#8221;4_4&#8243; _builder_version=&#8221;4.16&#8243; _module_preset=&#8221;default&#8221; global_colors_info=&#8221;{}&#8221;][et_pb_text _builder_version=&#8221;4.27.0&#8243; _module_preset=&#8221;default&#8221; text_font=&#8221;Montserrat|700|||||||&#8221; text_text_color=&#8221;#FFFFFF&#8221; text_font_size=&#8221;60px&#8221; header_font=&#8221;Montserrat|700||on|||||&#8221; header_text_color=&#8221;#ff4940&#8243; header_font_size=&#8221;60px&#8221; custom_margin=&#8221;0px||-5px||false|false&#8221; custom_margin_tablet=&#8221;0px||-5px||false|false&#8221; custom_margin_phone=&#8221;0px||-10px||false|false&#8221; custom_margin_last_edited=&#8221;on|desktop&#8221; custom_padding=&#8221;0px||0px||false|false&#8221; header_font_size_tablet=&#8221;60px&#8221; header_font_size_phone=&#8221;34px&#8221; header_font_size_last_edited=&#8221;on|phone&#8221; global_colors_info=&#8221;{}&#8221;]<\/p>\n<h1 style=\"text-align: center;\">Fotodetecci\u00f3n<\/h1>\n<p>[\/et_pb_text][\/et_pb_column][\/et_pb_row][\/et_pb_section][et_pb_section fb_built=&#8221;1&#8243; _builder_version=&#8221;4.27.0&#8243; _module_preset=&#8221;default&#8221; custom_padding=&#8221;10px||10px||true|false&#8221; global_colors_info=&#8221;{}&#8221;][et_pb_row _builder_version=&#8221;4.27.0&#8243; _module_preset=&#8221;default&#8221; background_color=&#8221;#f5f5f5&#8243; width=&#8221;100%&#8221; max_width=&#8221;2560px&#8221; module_alignment=&#8221;center&#8221; custom_margin=&#8221;0px||0px||true|false&#8221; custom_padding=&#8221;20px||20px||true|false&#8221; animation_style=&#8221;bounce&#8221; box_shadow_style=&#8221;preset1&#8243; box_shadow_vertical=&#8221;0px&#8221; box_shadow_blur=&#8221;14px&#8221; box_shadow_spread=&#8221;-3px&#8221; locked=&#8221;off&#8221; global_colors_info=&#8221;{}&#8221;][et_pb_column type=&#8221;4_4&#8243; _builder_version=&#8221;4.16&#8243; _module_preset=&#8221;default&#8221; global_colors_info=&#8221;{}&#8221;][et_pb_menu menu_id=&#8221;none&#8221; menu_style=&#8221;centered&#8221; active_link_color=&#8221;#000000&#8243; _builder_version=&#8221;4.27.0&#8243; _module_preset=&#8221;default&#8221; menu_font=&#8221;Montserrat|600|||||||&#8221; menu_font_size=&#8221;16px&#8221; background_enable_color=&#8221;off&#8221; global_colors_info=&#8221;{}&#8221;][\/et_pb_menu][\/et_pb_column][\/et_pb_row][\/et_pb_section][et_pb_section fb_built=&#8221;1&#8243; _builder_version=&#8221;4.27.0&#8243; _module_preset=&#8221;default&#8221; custom_padding=&#8221;63px||0px||false|false&#8221; global_colors_info=&#8221;{}&#8221;][et_pb_row _builder_version=&#8221;4.27.0&#8243; _module_preset=&#8221;default&#8221; max_width=&#8221;1165px&#8221; global_colors_info=&#8221;{}&#8221;][et_pb_column type=&#8221;4_4&#8243; _builder_version=&#8221;4.27.0&#8243; _module_preset=&#8221;default&#8221; global_colors_info=&#8221;{}&#8221;][et_pb_text _builder_version=&#8221;4.27.0&#8243; _module_preset=&#8221;default&#8221; text_font=&#8221;Montserrat|700||on|||||&#8221; text_text_color=&#8221;#000000&#8243; text_font_size=&#8221;30px&#8221; global_colors_info=&#8221;{}&#8221;]<\/p>\n<p style=\"text-align: center;\">Mapa c\u00e1maras de fotodetecci\u00f3n<\/p>\n<p>[\/et_pb_text][et_pb_image src=&#8221;https:\/\/transitobarrancabermeja.gov.co\/ittb\/wp-content\/uploads\/2025\/02\/Grupo-4159@2x-scaled.jpg&#8221; title_text=&#8221;Grupo 4159@2x&#8221; _builder_version=&#8221;4.27.0&#8243; _module_preset=&#8221;default&#8221; border_radii=&#8221;on|10px|10px|10px|10px&#8221; global_colors_info=&#8221;{}&#8221;][\/et_pb_image][et_pb_text _builder_version=&#8221;4.27.0&#8243; _module_preset=&#8221;default&#8221; text_font=&#8221;Montserrat|700||on|||||&#8221; text_text_color=&#8221;#FFFFFF&#8221; text_font_size=&#8221;40px&#8221; background_color=&#8221;#ff4940&#8243; max_width=&#8221;1165%&#8221; custom_padding=&#8221;30px||30px||true|false&#8221; border_radii=&#8221;on|16px|16px|16px|16px&#8221; global_colors_info=&#8221;{}&#8221;]<\/p>\n<p style=\"text-align: center;\">c\u00e1maras de Fotodetecci\u00f3n<\/p>\n<p>[\/et_pb_text][et_pb_text _builder_version=&#8221;4.27.4&#8243; _module_preset=&#8221;default&#8221; text_font=&#8221;Montserrat||||||||&#8221; text_text_color=&#8221;#000000&#8243; text_font_size=&#8221;16px&#8221; custom_padding=&#8221;||50px||false|false&#8221; global_colors_info=&#8221;{}&#8221;]<\/p>\n<p style=\"text-align: justify;\"><strong>\u00bfQu\u00e9 son los SAST?<\/strong><\/p>\n<p>Son elementos tecnol\u00f3gicos de control y vigilancia cuyo objetivo principal es la reducci\u00f3n de la siniestralidad vial\u00a0 en puntos cr\u00edticos\u00a0 a trav\u00e9s del cumplimiento de las normas de tr\u00e1nsito.<\/p>\n<p>De acuerdo con la Superintendencia de transporte, son dispositivos electr\u00f3nicos que permitir\u00e1n a las autoridades de tr\u00e1nsito verificar la incurrencia o no de una infracci\u00f3n. Estas herramientas tienen el objetivo de velar por la seguridad vial.<\/p>\n<p><strong>\u00a0<\/strong><strong>\u00bfCu\u00e1l es la funci\u00f3n de los SAST en procesos sancionatorios?<\/strong><\/p>\n<p>Los SAST se encargan de detectar y recopilar pruebas mediante c\u00e1maras y equipos electr\u00f3nicos, las cuales son utilizadas como evidencia en posibles infracciones de tr\u00e1nsito. Sin embargo, estos sistemas no tienen la facultad de emitir comparendos ni multas.<\/p>\n<p><strong>\u00bfPor qu\u00e9 la implementaci\u00f3n de estos sistemas tecnol\u00f3gicos?<\/strong><\/p>\n<p>El objetivo de los sistemas de fotodetecci\u00f3n, es velar por la seguridad vial de Barrancabermeja. Con una alta tecnolog\u00eda, pretenden ser aliados en la reducci\u00f3n de las violaciones de las normas de tr\u00e1nsito, disminuyendo el riesgo de accidentes y protegiendo la vida de los conductores, peatones y ciclistas.<\/p>\n<p>[\/et_pb_text][\/et_pb_column][\/et_pb_row][et_pb_row _builder_version=&#8221;4.27.0&#8243; _module_preset=&#8221;default&#8221; background_color=&#8221;#fa4840&#8243; width=&#8221;100%&#8221; max_width=&#8221;2560px&#8221; custom_padding=&#8221;50px||50px||true|false&#8221; global_colors_info=&#8221;{}&#8221;][et_pb_column type=&#8221;4_4&#8243; _builder_version=&#8221;4.27.0&#8243; _module_preset=&#8221;default&#8221; global_colors_info=&#8221;{}&#8221;][et_pb_text _builder_version=&#8221;4.27.0&#8243; _module_preset=&#8221;default&#8221; text_font=&#8221;Montserrat|500|||||||&#8221; text_text_color=&#8221;#FFFFFF&#8221; text_font_size=&#8221;36px&#8221; max_width=&#8221;1165px&#8221; module_alignment=&#8221;center&#8221; global_colors_info=&#8221;{}&#8221;]<\/p>\n<p>DECISI\u00d3N DE LA CORTE CONSTITUCIONAL<\/p>\n<p>[\/et_pb_text][\/et_pb_column][\/et_pb_row][et_pb_row _builder_version=&#8221;4.27.0&#8243; _module_preset=&#8221;default&#8221; max_width=&#8221;1165px&#8221; custom_padding=&#8221;30px||50px||false|false&#8221; global_colors_info=&#8221;{}&#8221;][et_pb_column type=&#8221;4_4&#8243; _builder_version=&#8221;4.27.0&#8243; _module_preset=&#8221;default&#8221; global_colors_info=&#8221;{}&#8221;][et_pb_text _builder_version=&#8221;4.27.0&#8243; _module_preset=&#8221;default&#8221; header_2_font=&#8221;Montserrat|700|||||||&#8221; header_2_text_color=&#8221;#000000&#8243; header_2_font_size=&#8221;30px&#8221; custom_margin=&#8221;||13px||false|false&#8221; custom_padding=&#8221;||0px||false|false&#8221; global_colors_info=&#8221;{}&#8221;]<\/p>\n<h2>Decisi\u00f3n de la Corte Constitucional mediante la sentencia C-321 de 2022<\/h2>\n<p>[\/et_pb_text][et_pb_divider divider_weight=&#8221;6px&#8221; _builder_version=&#8221;4.27.0&#8243; _module_preset=&#8221;default&#8221; custom_margin=&#8221;||0px||false|false&#8221; custom_padding=&#8221;||40px||false|false&#8221; global_colors_info=&#8221;{}&#8221;][\/et_pb_divider][et_pb_text _builder_version=&#8221;4.27.4&#8243; _module_preset=&#8221;default&#8221; text_font=&#8221;Montserrat||||||||&#8221; text_text_color=&#8221;#000000&#8243; text_font_size=&#8221;16px&#8221; link_font=&#8221;Montserrat|700|||||||&#8221; link_text_color=&#8221;#fa4840&#8243; link_font_size=&#8221;20px&#8221; global_colors_info=&#8221;{}&#8221;]<\/p>\n<p style=\"text-align: justify;\">\u00a1Las fotodetecciones son legales! El propietario del veh\u00edculo es el responsable de su tenencia, as\u00ed como el cumplimiento de las normas de tr\u00e1nsito. Ahora, no es necesario determinar qui\u00e9n conduce el veh\u00edculo para sancionar una infracci\u00f3n.<\/p>\n<p style=\"text-align: justify;\">En la Sentencia C-321 de 2022, cuyos efectos entraron a operar de manera inmediata a su expedici\u00f3n el 14 de septiembre de 2022, la Corte se\u00f1al\u00f3 qu\u00e9: el propietario cuenta con una serie de conductas a su alcance para \u2018velar\u2019 porque el veh\u00edculo circule dando cumplimiento a esas condiciones, como exigir a qui\u00e9n conduzca que se haga responsable por el cumplimiento de las normas de tr\u00e1nsito, y que responda ante la autoridad administrativa en caso de cometer una infracci\u00f3n, verificar que este cuente con las capacidades t\u00e9cnicas y te\u00f3ricas, as\u00ed como con los permisos exigidos por la ley para conducir, y exigir que circule por lugares y en horarios que est\u00e1n permitidos, entre otras cosas.<\/p>\n<p style=\"text-align: justify;\">Para conocer la sentencia de la Corte Constitucional, acceda al siguiente enlace:<br \/><a href=\"https:\/\/www.corteconstitucional.gov.co\/relatoria\/2022\/C-321-22.htm\">https:\/\/www.corteconstitucional.gov.co\/relatoria\/2022\/C-321-22.htm<\/a><\/p>\n<p>&nbsp;<\/p>\n<p>[\/et_pb_text][\/et_pb_column][\/et_pb_row][et_pb_row _builder_version=&#8221;4.27.0&#8243; _module_preset=&#8221;default&#8221; background_color=&#8221;#fa4840&#8243; width=&#8221;100%&#8221; max_width=&#8221;2560px&#8221; custom_padding=&#8221;50px||50px||true|false&#8221; global_colors_info=&#8221;{}&#8221;][et_pb_column type=&#8221;4_4&#8243; _builder_version=&#8221;4.27.0&#8243; _module_preset=&#8221;default&#8221; global_colors_info=&#8221;{}&#8221;][et_pb_text _builder_version=&#8221;4.27.0&#8243; _module_preset=&#8221;default&#8221; text_font=&#8221;Montserrat|500||on|||||&#8221; text_text_color=&#8221;#FFFFFF&#8221; text_font_size=&#8221;36px&#8221; max_width=&#8221;1165px&#8221; module_alignment=&#8221;center&#8221; global_colors_info=&#8221;{}&#8221;]<\/p>\n<p>Recomendaciones para la ciudadan\u00eda<\/p>\n<p>[\/et_pb_text][\/et_pb_column][\/et_pb_row][et_pb_row column_structure=&#8221;1_2,1_2&#8243; use_custom_gutter=&#8221;on&#8221; gutter_width=&#8221;1&#8243; make_equal=&#8221;on&#8221; _builder_version=&#8221;4.27.0&#8243; _module_preset=&#8221;default&#8221; max_width=&#8221;1224px&#8221; custom_padding=&#8221;||78px||false|false&#8221; global_colors_info=&#8221;{}&#8221;][et_pb_column type=&#8221;1_2&#8243; _builder_version=&#8221;4.27.0&#8243; _module_preset=&#8221;default&#8221; global_colors_info=&#8221;{}&#8221;][et_pb_image src=&#8221;https:\/\/transitobarrancabermeja.gov.co\/ittb\/wp-content\/uploads\/2025\/02\/3087cb3a66d14c1dd3625d0e76cbbfdf.png&#8221; title_text=&#8221;3087cb3a66d14c1dd3625d0e76cbbfdf&#8221; align=&#8221;center&#8221; _builder_version=&#8221;4.27.0&#8243; _module_preset=&#8221;default&#8221; width=&#8221;100%&#8221; max_width=&#8221;100%&#8221; min_height=&#8221;350px&#8221; height=&#8221;350px&#8221; max_height=&#8221;350px&#8221; global_colors_info=&#8221;{}&#8221;][\/et_pb_image][\/et_pb_column][et_pb_column type=&#8221;1_2&#8243; _builder_version=&#8221;4.27.0&#8243; _module_preset=&#8221;default&#8221; global_colors_info=&#8221;{}&#8221;][et_pb_text _builder_version=&#8221;4.27.4&#8243; _module_preset=&#8221;default&#8221; text_font=&#8221;Montserrat||||||||&#8221; text_text_color=&#8221;#000000&#8243; text_font_size=&#8221;16px&#8221; link_font=&#8221;Montserrat|700|||||||&#8221; link_text_color=&#8221;#000000&#8243; link_font_size=&#8221;18px&#8221; header_3_font=&#8221;Montserrat|700|||||||&#8221; header_3_text_color=&#8221;#000000&#8243; header_3_font_size=&#8221;30px&#8221; hover_enabled=&#8221;0&#8243; global_colors_info=&#8221;{}&#8221; sticky_enabled=&#8221;0&#8243;]<\/p>\n<h3 style=\"text-align: justify;\">RECOMENDACIONES PARA LA CIUDADAN\u00cdA<\/h3>\n<p style=\"text-align: justify;\">&#8211; Conozca y respete las normas de tr\u00e1nsito.<br \/>&#8211; Actualice sus datos ante el RUNT.<br \/>&#8211; Verifique que el SOAT y la RTM (Revisi\u00f3n T\u00e9cnico \u2013 Mec\u00e1nica) de su veh\u00edculo, se encuentren vigentes.<br \/>&#8211; Conduzca en los l\u00edmites permitidos. 50 km\/h es la m\u00e1xima velocidad en los corredores viales principales. No exceda los l\u00edmites.<br \/>&#8211; Consulte constantemente si tiene alg\u00fan comparendo en<br \/><span style=\"color: #ff0000;\"><a href=\"https:\/\/transitobarrancabermeja.gov.co\/ittb\/consulta-aqui-si-tienes-algun-comparendo\" style=\"color: #ff0000;\">https:\/\/transitobarrancabermeja.gov.co\/ittb\/consulta-aqui-si-tienes-algun-comparendo<\/a><\/span><br \/>&#8211; Antes de salir con su veh\u00edculo, verifique si puede circular teniendo en cuenta el pico y placa.<\/p>\n<p>[\/et_pb_text][\/et_pb_column][\/et_pb_row][et_pb_row _builder_version=&#8221;4.27.0&#8243; _module_preset=&#8221;default&#8221; background_color=&#8221;#fa4840&#8243; width=&#8221;100%&#8221; max_width=&#8221;2560px&#8221; custom_padding=&#8221;50px||50px||true|false&#8221; global_colors_info=&#8221;{}&#8221;][et_pb_column type=&#8221;4_4&#8243; _builder_version=&#8221;4.27.0&#8243; _module_preset=&#8221;default&#8221; global_colors_info=&#8221;{}&#8221;][et_pb_text _builder_version=&#8221;4.27.0&#8243; _module_preset=&#8221;default&#8221; text_font=&#8221;Montserrat|500||on|||||&#8221; text_text_color=&#8221;#FFFFFF&#8221; text_font_size=&#8221;36px&#8221; max_width=&#8221;1165px&#8221; module_alignment=&#8221;center&#8221; global_colors_info=&#8221;{}&#8221;]<\/p>\n<p>LAS C\u00c1MARAS DE FOTODETECCI\u00d3N SALVAN VIDAS<\/p>\n<p>[\/et_pb_text][\/et_pb_column][\/et_pb_row][et_pb_row column_structure=&#8221;1_2,1_2&#8243; use_custom_gutter=&#8221;on&#8221; gutter_width=&#8221;1&#8243; make_equal=&#8221;on&#8221; _builder_version=&#8221;4.27.0&#8243; _module_preset=&#8221;default&#8221; max_width=&#8221;1159px&#8221; custom_padding=&#8221;30px||20px||false|false&#8221; global_colors_info=&#8221;{}&#8221;][et_pb_column type=&#8221;1_2&#8243; _builder_version=&#8221;4.27.0&#8243; _module_preset=&#8221;default&#8221; global_colors_info=&#8221;{}&#8221;][et_pb_text _builder_version=&#8221;4.27.0&#8243; _module_preset=&#8221;default&#8221; text_font=&#8221;Montserrat||||||||&#8221; text_text_color=&#8221;#000000&#8243; text_font_size=&#8221;18px&#8221; link_font=&#8221;Montserrat|700|||||||&#8221; link_text_color=&#8221;#000000&#8243; link_font_size=&#8221;18px&#8221; header_3_font=&#8221;Montserrat|700|||||||&#8221; header_3_text_color=&#8221;#000000&#8243; header_3_font_size=&#8221;30px&#8221; global_colors_info=&#8221;{}&#8221;][\/et_pb_text][et_pb_text _builder_version=&#8221;4.27.4&#8243; _module_preset=&#8221;default&#8221; text_font=&#8221;Montserrat||||||||&#8221; text_text_color=&#8221;#000000&#8243; text_font_size=&#8221;16px&#8221; header_2_font=&#8221;Montserrat|700|||||||&#8221; header_2_font_size=&#8221;30px&#8221; global_colors_info=&#8221;{}&#8221;]<\/p>\n<h2>\u00bfPor qu\u00e9 la velocidad aumenta la siniestralidad?<\/h2>\n<p>&nbsp;<\/p>\n<p>El exceso de velocidad es un factor de riesgo clave en la siniestralidad vial ya que, a mayor velocidad:<\/p>\n<p>&#8211; Aumenta la probabilidad de colisi\u00f3n y la distancia necesaria para detener totalmente el veh\u00edculo se incrementa.<br \/>&#8211; Adem\u00e1s, a mayor velocidad se aumenta la gravedad de las heridas en el cuerpo humano y consecuencias de una colisi\u00f3n, pues la fuerza del impacto es mayor.<br \/>&#8211; Las velocidades altas aumentan el riesgo de muerte de peatones y ciclistas, que hacen parte de nuestros usuarios vulnerables.<br \/>&#8211; A mayor velocidad se requiere mayor distancia para detener el veh\u00edculo.<\/p>\n<p>[\/et_pb_text][\/et_pb_column][et_pb_column type=&#8221;1_2&#8243; _builder_version=&#8221;4.27.0&#8243; _module_preset=&#8221;default&#8221; global_colors_info=&#8221;{}&#8221;][et_pb_image src=&#8221;https:\/\/transitobarrancabermeja.gov.co\/ittb\/wp-content\/uploads\/2025\/02\/3087cb3a66d14c1dd3625d0e76cbbfdf.png&#8221; title_text=&#8221;3087cb3a66d14c1dd3625d0e76cbbfdf&#8221; align=&#8221;center&#8221; _builder_version=&#8221;4.27.0&#8243; _module_preset=&#8221;default&#8221; width=&#8221;100%&#8221; max_width=&#8221;100%&#8221; min_height=&#8221;350px&#8221; height=&#8221;350px&#8221; max_height=&#8221;350px&#8221; global_colors_info=&#8221;{}&#8221;][\/et_pb_image][\/et_pb_column][\/et_pb_row][et_pb_row _builder_version=&#8221;4.27.0&#8243; _module_preset=&#8221;default&#8221; max_width=&#8221;1159px&#8221; custom_padding=&#8221;0px||60px||false|false&#8221; global_colors_info=&#8221;{}&#8221;][et_pb_column type=&#8221;4_4&#8243; _builder_version=&#8221;4.27.0&#8243; _module_preset=&#8221;default&#8221; global_colors_info=&#8221;{}&#8221;][et_pb_text _builder_version=&#8221;4.27.0&#8243; _module_preset=&#8221;default&#8221; text_font=&#8221;Montserrat||||||||&#8221; text_font_size=&#8221;18px&#8221; header_2_font=&#8221;Montserrat|300|||||||&#8221; header_2_text_align=&#8221;right&#8221; header_2_font_size=&#8221;10px&#8221; global_colors_info=&#8221;{}&#8221;]<\/p>\n<h2>Fecha de publicaci\u00f3n:16 de Mayo de 2017. Hora: 00:00:00<\/h2>\n<p>[\/et_pb_text][\/et_pb_column][\/et_pb_row][\/et_pb_section]<\/p>\n","protected":false},"excerpt":{"rendered":"<p>Fotodetecci\u00f3nMapa c\u00e1maras de fotodetecci\u00f3nc\u00e1maras de Fotodetecci\u00f3n\u00bfQu\u00e9 son los SAST? Son elementos tecnol\u00f3gicos de control y vigilancia cuyo objetivo principal es la reducci\u00f3n de la siniestralidad vial\u00a0 en puntos cr\u00edticos\u00a0 a [&hellip;]<\/p>\n","protected":false},"author":1,"featured_media":0,"parent":0,"menu_order":0,"comment_status":"closed","ping_status":"closed","template":"","meta":{"_et_pb_use_builder":"on","_et_pb_old_content":"<!-- wp:divi\/placeholder \/-->","_et_gb_content_width":"","footnotes":""},"class_list":["post-254107","page","type-page","status-publish","hentry"],"jetpack_sharing_enabled":true,"_links":{"self":[{"href":"https:\/\/transitobarrancabermeja.gov.co\/ittb\/wp-json\/wp\/v2\/pages\/254107","targetHints":{"allow":["GET"]}}],"collection":[{"href":"https:\/\/transitobarrancabermeja.gov.co\/ittb\/wp-json\/wp\/v2\/pages"}],"about":[{"href":"https:\/\/transitobarrancabermeja.gov.co\/ittb\/wp-json\/wp\/v2\/types\/page"}],"author":[{"embeddable":true,"href":"https:\/\/transitobarrancabermeja.gov.co\/ittb\/wp-json\/wp\/v2\/users\/1"}],"replies":[{"embeddable":true,"href":"https:\/\/transitobarrancabermeja.gov.co\/ittb\/wp-json\/wp\/v2\/comments?post=254107"}],"version-history":[{"count":22,"href":"https:\/\/transitobarrancabermeja.gov.co\/ittb\/wp-json\/wp\/v2\/pages\/254107\/revisions"}],"predecessor-version":[{"id":255079,"href":"https:\/\/transitobarrancabermeja.gov.co\/ittb\/wp-json\/wp\/v2\/pages\/254107\/revisions\/255079"}],"wp:attachment":[{"href":"https:\/\/transitobarrancabermeja.gov.co\/ittb\/wp-json\/wp\/v2\/media?parent=254107"}],"curies":[{"name":"wp","href":"https:\/\/api.w.org\/{rel}","templated":true}]}}