{"id":248129,"date":"2024-08-26T17:29:28","date_gmt":"2024-08-26T17:29:28","guid":{"rendered":"https:\/\/transito.sdstico.com\/?page_id=248129"},"modified":"2026-04-20T16:07:10","modified_gmt":"2026-04-20T16:07:10","slug":"programas-y-proyectos","status":"publish","type":"page","link":"https:\/\/transitobarrancabermeja.gov.co\/ittb\/programas-y-proyectos\/","title":{"rendered":"Programas y proyectos"},"content":{"rendered":"<p>[et_pb_section fb_built=&#8221;1&#8243; _builder_version=&#8221;4.16&#8243; _module_preset=&#8221;default&#8221; custom_margin=&#8221;||||true&#8221; custom_padding=&#8221;30px||30px||true|false&#8221; global_colors_info=&#8221;{}&#8221;][et_pb_row _builder_version=&#8221;4.27.0&#8243; _module_preset=&#8221;default&#8221; background_color=&#8221;gcid-f513a414-fb40-4551-81b8-8a603eb294c8&#8243; width=&#8221;100%&#8221; max_width=&#8221;2560px&#8221; module_alignment=&#8221;center&#8221; custom_margin=&#8221;0px||0px||true|false&#8221; custom_padding=&#8221;30px||30px||true|false&#8221; animation_style=&#8221;slide&#8221; animation_direction=&#8221;right&#8221; box_shadow_style=&#8221;preset1&#8243; box_shadow_blur=&#8221;8px&#8221; box_shadow_spread=&#8221;4px&#8221; locked=&#8221;off&#8221; global_colors_info=&#8221;{%22gcid-f513a414-fb40-4551-81b8-8a603eb294c8%22:%91%22background_color%22%93}&#8221;][et_pb_column type=&#8221;4_4&#8243; _builder_version=&#8221;4.16&#8243; _module_preset=&#8221;default&#8221; global_colors_info=&#8221;{}&#8221;][et_pb_text _builder_version=&#8221;4.27.0&#8243; _module_preset=&#8221;default&#8221; text_font=&#8221;Montserrat|700|||||||&#8221; text_text_color=&#8221;#FFFFFF&#8221; text_font_size=&#8221;60px&#8221; header_font=&#8221;Montserrat|700||on|||||&#8221; header_text_color=&#8221;gcid-e59ac1fd-2c17-48ff-9ffe-d172314c39b5&#8243; header_font_size=&#8221;60px&#8221; width_tablet=&#8221;&#8221; width_phone=&#8221;90%&#8221; width_last_edited=&#8221;on|phone&#8221; module_alignment=&#8221;center&#8221; custom_margin=&#8221;2px||-9px||false|false&#8221; custom_padding=&#8221;0px||0px||true|false&#8221; header_font_size_tablet=&#8221;60px&#8221; header_font_size_phone=&#8221;22px&#8221; header_font_size_last_edited=&#8221;on|phone&#8221; global_colors_info=&#8221;{%22gcid-e59ac1fd-2c17-48ff-9ffe-d172314c39b5%22:%91%22header_text_color%22%93}&#8221;]<\/p>\n<h1 style=\"text-align: center;\">programas y proyectos<\/h1>\n<p>[\/et_pb_text][\/et_pb_column][\/et_pb_row][\/et_pb_section][et_pb_section fb_built=&#8221;1&#8243; _builder_version=&#8221;4.16&#8243; _module_preset=&#8221;default&#8221; global_colors_info=&#8221;{}&#8221;][et_pb_row _builder_version=&#8221;4.16&#8243; _module_preset=&#8221;default&#8221; global_colors_info=&#8221;{}&#8221;][et_pb_column type=&#8221;4_4&#8243; _builder_version=&#8221;4.16&#8243; _module_preset=&#8221;default&#8221; global_colors_info=&#8221;{}&#8221;][et_pb_accordion open_toggle_background_color=&#8221;#FFFFFF&#8221; closed_toggle_text_color=&#8221;gcid-f513a414-fb40-4551-81b8-8a603eb294c8&#8243; closed_toggle_background_color=&#8221;gcid-e59ac1fd-2c17-48ff-9ffe-d172314c39b5&#8243; icon_color=&#8221;gcid-d04955a2-4fae-4ef7-8f9d-d0771001e9c2&#8243; _builder_version=&#8221;4.27.4&#8243; _module_preset=&#8221;default&#8221; toggle_text_color=&#8221;gcid-d04955a2-4fae-4ef7-8f9d-d0771001e9c2&#8243; toggle_font=&#8221;Montserrat|700|||||||&#8221; toggle_text_align=&#8221;left&#8221; closed_toggle_font=&#8221;Montserrat|700|||||||&#8221; body_font=&#8221;Montserrat||||||||&#8221; body_text_color=&#8221;#000000&#8243; text_orientation=&#8221;left&#8221; height_last_edited=&#8221;off|desktop&#8221; custom_margin_tablet=&#8221;&#8221; custom_margin_phone=&#8221;&#8221; custom_margin_last_edited=&#8221;on|desktop&#8221; custom_padding=&#8221;||||false|false&#8221; custom_padding_tablet=&#8221;||||false|false&#8221; custom_padding_phone=&#8221;||||false|false&#8221; custom_padding_last_edited=&#8221;on|desktop&#8221; animation_style=&#8221;fade&#8221; hover_enabled=&#8221;0&#8243; toggle_font_size_tablet=&#8221;&#8221; toggle_font_size_phone=&#8221;14px&#8221; toggle_font_size_last_edited=&#8221;on|phone&#8221; border_radii=&#8221;on|10px|10px|10px|10px&#8221; border_color_all=&#8221;gcid-d04955a2-4fae-4ef7-8f9d-d0771001e9c2&#8243; box_shadow_style=&#8221;preset1&#8243; global_colors_info=&#8221;{%22gcid-d04955a2-4fae-4ef7-8f9d-d0771001e9c2%22:%91%22toggle_text_color%22,%22border_color_all%22,%22icon_color%22%93,%22gcid-f513a414-fb40-4551-81b8-8a603eb294c8%22:%91%22closed_toggle_text_color%22%93,%22gcid-e59ac1fd-2c17-48ff-9ffe-d172314c39b5%22:%91%22closed_toggle_background_color%22%93}&#8221; sticky_enabled=&#8221;0&#8243;][et_pb_accordion_item title=&#8221;Programas de Inversi\u00f3n&#8221; closed_toggle_text_color=&#8221;gcid-f513a414-fb40-4551-81b8-8a603eb294c8&#8243; _builder_version=&#8221;4.27.0&#8243; _module_preset=&#8221;default&#8221; global_colors_info=&#8221;{%22gcid-d04955a2-4fae-4ef7-8f9d-d0771001e9c2%22:%91%22toggle_text_color%22%93,%22gcid-f513a414-fb40-4551-81b8-8a603eb294c8%22:%91%22closed_toggle_text_color%22%93}&#8221; toggle_text_color=&#8221;gcid-d04955a2-4fae-4ef7-8f9d-d0771001e9c2&#8243; closed_toggle_font=&#8221;Montserrat|700|||||||&#8221; open=&#8221;off&#8221;]\n            <div \n                class=\"elfsight-widget-file-embed elfsight-widget\" \n                data-elfsight-file-embed-options=\"%7B%22files%22%3A%5B%7B%22link%22%3A%22https%3A%5C%2F%5C%2Ftransitobarrancabermeja.gov.co%5C%2Fittb%5C%2Fwp-content%5C%2Fuploads%5C%2F2025%5C%2F02%5C%2F4.-POAI-2025-RP-ITTB-ver-2-31012025.xlsx%22%2C%22name%22%3A%22PLAN%20OPERATIVO%20ANUAL%20DE%20INVERSIONES%202025%22%2C%22previewImage%22%3Anull%7D%5D%2C%22widgetTitle%22%3A%22%22%2C%22layout%22%3A%22list%22%2C%22showIcon%22%3Afalse%2C%22previewImageSize%22%3A30%2C%22showDownloadLink%22%3Atrue%2C%22downloadLinkText%22%3A%22Descargar%22%2C%22width%22%3A%221024%22%2C%22nameColor%22%3A%22rgb%2817%2C%2017%2C%2017%29%22%2C%22downloadColor%22%3A%22rgb%28254%2C%2072%2C%2064%29%22%2C%22backgroundColor%22%3Anull%2C%22fileBackgroundColor%22%3A%22rgb%28255%2C%20255%2C%20255%29%22%2C%22widgetTitleColor%22%3A%22rgb%2817%2C%2017%2C%2017%29%22%2C%22iconColor%22%3A%22%22%2C%22nameFontSize%22%3A15%2C%22downloadFontSize%22%3A13%2C%22widgetTitleFontSize%22%3A20%2C%22widgetId%22%3A%2223%22%7D\" \n                data-elfsight-file-embed-version=\"1.1.1\"\n                data-elfsight-widget-id=\"elfsight-file-embed-23\">\n            <\/div>\n            [\/et_pb_accordion_item][et_pb_accordion_item title=&#8221;Certificaci\u00f3n de Proyectos&#8221; open=&#8221;on&#8221; _builder_version=&#8221;4.27.4&#8243; _module_preset=&#8221;default&#8221; hover_enabled=&#8221;0&#8243; global_colors_info=&#8221;{}&#8221; sticky_enabled=&#8221;0&#8243;]<\/p>\n<details>\n<summary>2022<\/summary>\n<p><span style=\"color: #000000;\"><a\n                        href=\"http:\/\/transito.sdstico.com\/wp-content\/uploads\/2024\/08\/Certificacion-ACTUALIZACION-FORTALECIMIENTO-DE-ACCIONES-DE-SEGURIDAD.pdf\"\n                        title=\"Certificaci\u00f3n ACTUALIZACI\u00d3N FORTALECIMIENTO DE ACCIONES DE SEGURIDAD\"\n                        style=\"color: #000000;\">&#8211;<br \/>\n                        Certificaci\u00f3n ACTUALIZACI\u00d3N FORTALECIMIENTO DE ACCIONES DE SEGURIDAD<\/a><\/span><br \/>\n        <span style=\"color: #000000;\">&#8211; <a\n                        href=\"http:\/\/transito.sdstico.com\/wp-content\/uploads\/2024\/08\/Certificacion-FORTALECIMIENTO-2023.pdf\"\n                        title=\"-Certificaci\u00f3n FORTALECIMIENTO 2023\" style=\"color: #000000;\">Certificaci\u00f3n<br \/>\n                        FORTALECIMIENTO<br \/>\n                        2023<\/a><\/span><\/p>\n<\/details>\n<details>\n<summary>2023<\/summary>\n<p>&nbsp;<\/p>\n<\/details>\n<details>\n<summary>2024<\/summary>\n<p><span style=\"color: #000000;\">&#8211; <a\n                        href=\"https:\/\/transitobarrancabermeja.gov.co\/ittb\/wp-content\/uploads\/2025\/03\/1.-Certificacion-Senalizacion-21032024.pdf\"\n                        title=\"-Certificaci\u00f3n FORTALECIMIENTO 2023\"\n                        style=\"color: #000000;\">1.-Certificacion-Senalizacion-21032024.pdf<br \/>\n                <\/a><\/span><br \/>\n        <span style=\"color: #000000;\">&#8211; <a\n                        href=\"https:\/\/transitobarrancabermeja.gov.co\/ittb\/wp-content\/uploads\/2025\/03\/2.-Certificado-semaforizacion-09042024.pdf\"\n                        title=\"-Certificaci\u00f3n FORTALECIMIENTO 2023\"\n                        style=\"color: #000000;\">2.-Certificado-semaforizacion-09042024.pdf<br \/>\n                <\/a><\/span><br \/>\n        <span style=\"color: #000000;\">&#8211; <a\n                        href=\"https:\/\/transitobarrancabermeja.gov.co\/ittb\/wp-content\/uploads\/2025\/03\/3.-Certificado-Fortalecimiento-12042024.pdf\"\n                        title=\"-Certificaci\u00f3n FORTALECIMIENTO 2023\"\n                        style=\"color: #000000;\">3.-Certificado-Fortalecimiento-12042024.pdf<br \/>\n                <\/a><\/span><br \/>\n        <span style=\"color: #000000;\">&#8211; <a\n                        href=\"https:\/\/transitobarrancabermeja.gov.co\/ittb\/wp-content\/uploads\/2025\/03\/4.-Certificacion-1-act-1-Fortalecimiento-24042024.pdf\"\n                        title=\"-Certificaci\u00f3n FORTALECIMIENTO 2023\"\n                        style=\"color: #000000;\">4.-Certificacion-1-act-1-Fortalecimiento-24042024.pdf<br \/>\n                <\/a><\/span><br \/>\n        <span style=\"color: #000000;\">&#8211; <a\n                        href=\"https:\/\/transitobarrancabermeja.gov.co\/ittb\/wp-content\/uploads\/2025\/03\/5.-Certificacion-Ampliacion-gestion-27052024.pdf\"\n                        title=\"-Certificaci\u00f3n FORTALECIMIENTO 2023\"\n                        style=\"color: #000000;\">5.-Certificacion-Ampliacion-gestion-27052024.pdf<br \/>\n                <\/a><\/span><br \/>\n        <span style=\"color: #000000;\">&#8211; <a\n                        href=\"https:\/\/transitobarrancabermeja.gov.co\/ittb\/wp-content\/uploads\/2025\/03\/6.-Primera-actualizacion-senalizacion-26062024.pdf\"\n                        title=\"-Certificaci\u00f3n FORTALECIMIENTO 2023\"\n                        style=\"color: #000000;\">6.-Primera-actualizacion-senalizacion-26062024.pdf<br \/>\n                <\/a><\/span><br \/>\n        <span style=\"color: #000000;\">&#8211; <a\n                        href=\"https:\/\/transitobarrancabermeja.gov.co\/ittb\/wp-content\/uploads\/2025\/03\/7.-Certificacion-2-Ampliacion-transito-16072024.pdf\"\n                        title=\"-Certificaci\u00f3n FORTALECIMIENTO 2023\"\n                        style=\"color: #000000;\">7.-Certificacion-2-Ampliacion-transito-16072024.pdf<br \/>\n                <\/a><\/span><br \/>\n        <span style=\"color: #000000;\">&#8211; <a\n                        href=\"https:\/\/transitobarrancabermeja.gov.co\/ittb\/wp-content\/uploads\/2025\/03\/8.-Certificacion-Sensibilizacion-vial-16082024.pdf\"\n                        title=\"-Certificaci\u00f3n FORTALECIMIENTO 2023\"\n                        style=\"color: #000000;\">8.-Certificacion-Sensibilizacion-vial-16082024.pdf<br \/>\n                <\/a><\/span><br \/>\n        <span style=\"color: #000000;\">&#8211; <a\n                        href=\"https:\/\/transitobarrancabermeja.gov.co\/ittb\/wp-content\/uploads\/2025\/03\/9.-Certificacion-Reductores-03092024.pdf\"\n                        title=\"-Certificaci\u00f3n FORTALECIMIENTO 2023\"\n                        style=\"color: #000000;\">9.-Certificacion-Reductores-03092024.pdf<br \/>\n                <\/a><\/span><br \/>\n        <span style=\"color: #000000;\">&#8211; <a\n                        href=\"https:\/\/transitobarrancabermeja.gov.co\/ittb\/wp-content\/uploads\/2025\/03\/10.-Certificacion-2-act-Fortalecimiento-23092024.pdf\"\n                        title=\"-Certificaci\u00f3n FORTALECIMIENTO 2023\"\n                        style=\"color: #000000;\">10.-Certificacion-2-act-Fortalecimiento-23092024.pdf<br \/>\n                <\/a><\/span><br \/>\n        <span style=\"color: #000000;\">&#8211; <a\n                        href=\"https:\/\/transitobarrancabermeja.gov.co\/ittb\/wp-content\/uploads\/2025\/03\/11.-Certificado-adecuaciones-25102024.pdf\"\n                        title=\"-Certificaci\u00f3n FORTALECIMIENTO 2023\"\n                        style=\"color: #000000;\">11.-Certificado-adecuaciones-25102024.pdf<br \/>\n                <\/a><\/span><br \/>\n        <span style=\"color: #000000;\">&#8211; <a\n                        href=\"https:\/\/transitobarrancabermeja.gov.co\/ittb\/wp-content\/uploads\/2025\/03\/12.-Certificacion-cultura-decembrina-14112024.pdf\"\n                        title=\"-Certificaci\u00f3n FORTALECIMIENTO 2023\"\n                        style=\"color: #000000;\">12.-Certificacion-cultura-decembrina-14112024.pdf<br \/>\n                <\/a><\/span><\/p>\n<\/details>\n<details>\n<summary>2025<\/summary>\n<details>\n<summary>Proyectos traidos del 2024<\/summary>\n<p><span style=\"color: #000000;\">&#8211; <a\n                                href=\"https:\/\/transitobarrancabermeja.gov.co\/ittb\/wp-content\/uploads\/2025\/07\/14022025-Act-Fortalecimiento-2024.pdf\"\n                                title=\"-Certificaci\u00f3n FORTALECIMIENTO 2023\" style=\"color: #000000;\">1.-Act<br \/>\n                                Fortalecimiento 2024.pdf<br \/>\n                        <\/a><\/span><br \/>\n                <span style=\"color: #000000;\">&#8211; <a\n                                href=\"https:\/\/transitobarrancabermeja.gov.co\/ittb\/wp-content\/uploads\/2025\/07\/14022025-Act-Reductores-2024.pdf\"\n                                title=\"-Certificaci\u00f3n FORTALECIMIENTO 2023\" style=\"color: #000000;\">2.-Act Reductores<br \/>\n                                2024.pdf<br \/>\n                        <\/a><\/span><br \/>\n                <span style=\"color: #000000;\">&#8211; <a\n                                href=\"https:\/\/transitobarrancabermeja.gov.co\/ittb\/wp-content\/uploads\/2025\/07\/14022025-Act-Semaforizacion-2024.pdf\"\n                                title=\"-Certificaci\u00f3n FORTALECIMIENTO 2023\" style=\"color: #000000;\">3.-Act<br \/>\n                                Semaforizaci\u00f3n 2024.pdf<br \/>\n                        <\/a><\/span><br \/>\n                <span style=\"color: #000000;\">&#8211; <a\n                                href=\"https:\/\/transitobarrancabermeja.gov.co\/ittb\/wp-content\/uploads\/2025\/07\/18022025-Act-Adecuaciones-2024.pdf\"\n                                title=\"-Certificaci\u00f3n FORTALECIMIENTO 2023\" style=\"color: #000000;\">4.-Act Adecuaciones<br \/>\n                                2024.pdf<br \/>\n                        <\/a><\/span><\/p>\n<\/details>\n<details>\n<summary>Proyectos Certificados del 2025<\/summary>\n<p><span style=\"color: #000000;\">&#8211; <a\n                                href=\"https:\/\/transitobarrancabermeja.gov.co\/ittb\/wp-content\/uploads\/2025\/07\/1.-Cultura-vial-21032025.pdf\"\n                                title=\"-Certificaci\u00f3n FORTALECIMIENTO 2023\" style=\"color: #000000;\">1.-Certificado<br \/>\n                                Cultura Vial<br \/>\n                                21032025pdf<br \/>\n                        <\/a><\/span><br \/>\n                <span style=\"color: #000000;\">&#8211; <a\n                                href=\"https:\/\/transitobarrancabermeja.gov.co\/ittb\/wp-content\/uploads\/2025\/07\/2.-Fortalecimiento-27032025.pdf\"\n                                title=\"-Certificaci\u00f3n FORTALECIMIENTO 2023\" style=\"color: #000000;\">2.-Certificado<br \/>\n                                Fortalecimiento<br \/>\n                                27032025.pdf<br \/>\n                        <\/a><\/span><br \/>\n                <span style=\"color: #000000;\">&#8211; <a\n                                href=\"https:\/\/transitobarrancabermeja.gov.co\/ittb\/wp-content\/uploads\/2025\/07\/3.-Camionetas-03062025.pdf\"\n                                title=\"-Certificaci\u00f3n FORTALECIMIENTO 2023\" style=\"color: #000000;\">3.-Certificacion<br \/>\n                                Camionetas<br \/>\n                                03062025.pdf<br \/>\n                        <\/a><\/span><br \/>\n                <span style=\"color: #000000;\">&#8211; <a\n                                href=\"https:\/\/transitobarrancabermeja.gov.co\/ittb\/wp-content\/uploads\/2025\/07\/4.-Senalizacion-05062025.pdf\"\n                                title=\"-Certificaci\u00f3n FORTALECIMIENTO 2023\" style=\"color: #000000;\">4.-Certificado<br \/>\n                                Se\u00f1alizacion<br \/>\n                                05062025.pdf<br \/>\n                        <\/a><\/span><br \/>\n                <span style=\"color: #000000;\">&#8211; <a\n                                href=\"https:\/\/transitobarrancabermeja.gov.co\/ittb\/wp-content\/uploads\/2025\/07\/5.-Act-1-Fortalecimiento-26062025.pdf\"\n                                title=\"-Certificaci\u00f3n FORTALECIMIENTO 2023\" style=\"color: #000000;\">5.-Certificado Act 1<br \/>\n                                Fortalecimiento<br \/>\n                                26062025.pdf<br \/>\n                        <\/a><\/span><br \/>\n                <span style=\"color: #000000;\">&#8211; <a\n                                href=\"https:\/\/transitobarrancabermeja.gov.co\/ittb\/wp-content\/uploads\/2025\/07\/6.-Cultura-vial-inclusiva-27062025.pdf\"\n                                title=\"-Certificaci\u00f3n FORTALECIMIENTO 2023\" style=\"color: #000000;\">6.-Certificacion 6.<br \/>\n                                Cultura vial<br \/>\n                                inclusiva 27062025.pdf<br \/>\n                        <\/a><\/span><br \/>\n                <span style=\"color: #000000;\">&#8211; <a\n                                href=\"https:\/\/transitobarrancabermeja.gov.co\/ittb\/wp-content\/uploads\/2025\/07\/Certificacion-Resaltos-2025-adicional.pdf\"\n                                title=\"-Certificaci\u00f3n FORTALECIMIENTO 2023\" style=\"color: #000000;\">7.-Certificaci\u00f3n<br \/>\n                                Resaltos 2025<br \/>\n                                adicional.pdf<br \/>\n                        <\/a><\/span><\/p>\n<\/details>\n<\/details>\n<details>\n<summary>2026<\/summary>\n<details>\n<summary>Proyectos traidos del 2025<\/summary>\n<p><span style=\"color: #000000;\"><br \/>\n        <\/details>\n<details>\n<summary>Proyectos Certificados del 2025<\/summary>\n<p>                <span style=\"color: #000000;\">&#8211; <a\n                                href=\"https:\/\/transitobarrancabermeja.gov.co\/ittb\/wp-content\/uploads\/2026\/04\/Semaforizacion-2026-1.pdf\"\n                                title=\"-Certificaci\u00f3n SEMAFORIZACION 2026\"\n                                style=\"color: #000000;\">1.-Semaforizacion-2026.pdf<br \/>\n                                21032025pdf<br \/>\n                        <\/a><\/span><br \/>\n                <span style=\"color: #000000;\">&#8211; <a\n                                href=\"https:\/\/transitobarrancabermeja.gov.co\/ittb\/wp-content\/uploads\/2026\/04\/Desarrollo-Institucional-2026-4.pdf\"\n                                title=\"-Certificaci\u00f3n DESARROLLO INSTITUCIONAL 2026\"\n                                style=\"color: #000000;\">2.-Desarrollo-Institucional 2026.pdf<br \/>\n                                27032025.pdf<br \/>\n                        <\/a><\/span><br \/>\n                <span style=\"color: #000000;\">&#8211; <a\n                                href=\"https:\/\/transitobarrancabermeja.gov.co\/ittb\/wp-content\/uploads\/2026\/04\/Certificacion-registro-2026-Demarcacion-1.pdf\"\n                                title=\"-Certificaci\u00f3n DEMARCACI\u00d3N 2026\"\n                                style=\"color: #000000;\">3.-Certificacion-registro-2026-Demarcacion.pdf<br \/>\n                                03062025.pdf<br \/>\n                        <\/a><\/span><br \/>\n                <span style=\"color: #000000;\">&#8211; <a\n                                href=\"https:\/\/transitobarrancabermeja.gov.co\/ittb\/wp-content\/uploads\/2026\/04\/Certificacion-Control-Operativo-2026-2.pdf\"\n                                title=\"-Certificaci\u00f3n CONTROL OPERATIVO 2026\" style=\"color: #000000;\">4.-Certificacion<br \/>\n                                Control Operativo 2026.pdf<br \/>\n                                05062025.pdf<br \/>\n                        <\/a><\/span><\/p>\n<\/details>\n<\/details>\n<p>[\/et_pb_accordion_item][\/et_pb_accordion][\/et_pb_column][\/et_pb_row][\/et_pb_section]<\/p>\n","protected":false},"excerpt":{"rendered":"<p>programas y proyectos\n            <div \n                class=\"elfsight-widget-file-embed elfsight-widget\" \n                data-elfsight-file-embed-options=\"%7B%22files%22%3A%5B%7B%22link%22%3A%22https%3A%5C%2F%5C%2Ftransitobarrancabermeja.gov.co%5C%2Fittb%5C%2Fwp-content%5C%2Fuploads%5C%2F2025%5C%2F02%5C%2F4.-POAI-2025-RP-ITTB-ver-2-31012025.xlsx%22%2C%22name%22%3A%22PLAN%20OPERATIVO%20ANUAL%20DE%20INVERSIONES%202025%22%2C%22previewImage%22%3Anull%7D%5D%2C%22widgetTitle%22%3A%22%22%2C%22layout%22%3A%22list%22%2C%22showIcon%22%3Afalse%2C%22previewImageSize%22%3A30%2C%22showDownloadLink%22%3Atrue%2C%22downloadLinkText%22%3A%22Descargar%22%2C%22width%22%3A%221024%22%2C%22nameColor%22%3A%22rgb%2817%2C%2017%2C%2017%29%22%2C%22downloadColor%22%3A%22rgb%28254%2C%2072%2C%2064%29%22%2C%22backgroundColor%22%3Anull%2C%22fileBackgroundColor%22%3A%22rgb%28255%2C%20255%2C%20255%29%22%2C%22widgetTitleColor%22%3A%22rgb%2817%2C%2017%2C%2017%29%22%2C%22iconColor%22%3A%22%22%2C%22nameFontSize%22%3A15%2C%22downloadFontSize%22%3A13%2C%22widgetTitleFontSize%22%3A20%2C%22widgetId%22%3A%2223%22%7D\" \n                data-elfsight-file-embed-version=\"1.1.1\"\n                data-elfsight-widget-id=\"elfsight-file-embed-23\">\n            <\/div>\n             2022- Certificaci\u00f3n ACTUALIZACI\u00d3N FORTALECIMIENTO DE ACCIONES DE SEGURIDAD &#8211; Certificaci\u00f3n FORTALECIMIENTO 2023 2023&nbsp; 2024- 1.-Certificacion-Senalizacion-21032024.pdf &#8211; 2.-Certificado-semaforizacion-09042024.pdf &#8211; 3.-Certificado-Fortalecimiento-12042024.pdf &#8211; 4.-Certificacion-1-act-1-Fortalecimiento-24042024.pdf &#8211; 5.-Certificacion-Ampliacion-gestion-27052024.pdf &#8211; 6.-Primera-actualizacion-senalizacion-26062024.pdf &#8211; [&hellip;]<\/p>\n","protected":false},"author":1,"featured_media":0,"parent":0,"menu_order":0,"comment_status":"closed","ping_status":"closed","template":"","meta":{"_et_pb_use_builder":"on","_et_pb_old_content":"","_et_gb_content_width":"","footnotes":""},"class_list":["post-248129","page","type-page","status-publish","hentry"],"jetpack_sharing_enabled":true,"_links":{"self":[{"href":"https:\/\/transitobarrancabermeja.gov.co\/ittb\/wp-json\/wp\/v2\/pages\/248129","targetHints":{"allow":["GET"]}}],"collection":[{"href":"https:\/\/transitobarrancabermeja.gov.co\/ittb\/wp-json\/wp\/v2\/pages"}],"about":[{"href":"https:\/\/transitobarrancabermeja.gov.co\/ittb\/wp-json\/wp\/v2\/types\/page"}],"author":[{"embeddable":true,"href":"https:\/\/transitobarrancabermeja.gov.co\/ittb\/wp-json\/wp\/v2\/users\/1"}],"replies":[{"embeddable":true,"href":"https:\/\/transitobarrancabermeja.gov.co\/ittb\/wp-json\/wp\/v2\/comments?post=248129"}],"version-history":[{"count":28,"href":"https:\/\/transitobarrancabermeja.gov.co\/ittb\/wp-json\/wp\/v2\/pages\/248129\/revisions"}],"predecessor-version":[{"id":255885,"href":"https:\/\/transitobarrancabermeja.gov.co\/ittb\/wp-json\/wp\/v2\/pages\/248129\/revisions\/255885"}],"wp:attachment":[{"href":"https:\/\/transitobarrancabermeja.gov.co\/ittb\/wp-json\/wp\/v2\/media?parent=248129"}],"curies":[{"name":"wp","href":"https:\/\/api.w.org\/{rel}","templated":true}]}}