{"id":247530,"date":"2024-08-21T20:05:50","date_gmt":"2024-08-21T20:05:50","guid":{"rendered":"https:\/\/transito.sdstico.com\/?page_id=247530"},"modified":"2026-03-20T21:39:29","modified_gmt":"2026-03-20T21:39:29","slug":"politicas-de-seguridad-de-la-informacion","status":"publish","type":"page","link":"https:\/\/transitobarrancabermeja.gov.co\/ittb\/politicas-de-seguridad-de-la-informacion\/","title":{"rendered":"Pol\u00edticas de seguridad de la informaci\u00f3n"},"content":{"rendered":"<p>[et_pb_section fb_built=&#8221;1&#8243; _builder_version=&#8221;4.16&#8243; _module_preset=&#8221;default&#8221; custom_margin=&#8221;||||true&#8221; custom_padding=&#8221;30px||30px||true|false&#8221; global_colors_info=&#8221;{}&#8221;][et_pb_row _builder_version=&#8221;4.16&#8243; _module_preset=&#8221;default&#8221; background_color=&#8221;gcid-d04955a2-4fae-4ef7-8f9d-d0771001e9c2&#8243; width=&#8221;100%&#8221; max_width=&#8221;2560px&#8221; module_alignment=&#8221;center&#8221; custom_margin=&#8221;0px||0px||true|false&#8221; custom_padding=&#8221;30px||30px||true|false&#8221; box_shadow_style=&#8221;preset1&#8243; box_shadow_blur=&#8221;8px&#8221; box_shadow_spread=&#8221;4px&#8221; locked=&#8221;off&#8221; global_colors_info=&#8221;{%22gcid-d04955a2-4fae-4ef7-8f9d-d0771001e9c2%22:%91%22background_color%22%93}&#8221;][et_pb_column type=&#8221;4_4&#8243; _builder_version=&#8221;4.16&#8243; _module_preset=&#8221;default&#8221; global_colors_info=&#8221;{}&#8221;][et_pb_text _builder_version=&#8221;4.27.0&#8243; _module_preset=&#8221;default&#8221; text_font=&#8221;Montserrat|700|||||||&#8221; text_text_color=&#8221;#FFFFFF&#8221; text_font_size=&#8221;60px&#8221; header_font=&#8221;Montserrat|700||on|||||&#8221; header_text_color=&#8221;gcid-e59ac1fd-2c17-48ff-9ffe-d172314c39b5&#8243; header_font_size=&#8221;40px&#8221; custom_margin=&#8221;2px||-9px||false|false&#8221; custom_padding=&#8221;0px||0px||true|false&#8221; header_font_size_tablet=&#8221;40px&#8221; header_font_size_phone=&#8221;20px&#8221; header_font_size_last_edited=&#8221;on|phone&#8221; global_colors_info=&#8221;{%22gcid-e59ac1fd-2c17-48ff-9ffe-d172314c39b5%22:%91%22header_text_color%22%93}&#8221;]<\/p>\n<h1 style=\"text-align: center;\"><span style=\"vertical-align: inherit;\"><span style=\"vertical-align: inherit;\">POL\u00cdTICAS DE SEGURIDAD <\/span><\/span><span style=\"vertical-align: inherit;\"><span style=\"vertical-align: inherit;\">DE LA INFORMACI\u00d3N<\/span><\/span><\/h1>\n<p>[\/et_pb_text][\/et_pb_column][\/et_pb_row][\/et_pb_section][et_pb_section fb_built=&#8221;1&#8243; _builder_version=&#8221;4.16&#8243; _module_preset=&#8221;default&#8221; global_colors_info=&#8221;{}&#8221;][et_pb_row _builder_version=&#8221;4.16&#8243; _module_preset=&#8221;default&#8221; global_colors_info=&#8221;{}&#8221;][et_pb_column type=&#8221;4_4&#8243; _builder_version=&#8221;4.16&#8243; _module_preset=&#8221;default&#8221; global_colors_info=&#8221;{}&#8221;][et_pb_text _builder_version=&#8221;4.27.4&#8243; _module_preset=&#8221;default&#8221; text_font=&#8221;Arial||||||||&#8221; text_text_color=&#8221;#000000&#8243; text_font_size=&#8221;20px&#8221; hover_enabled=&#8221;0&#8243; text_font_size_tablet=&#8221;16px&#8221; text_font_size_phone=&#8221;14px&#8221; text_font_size_last_edited=&#8221;on|phone&#8221; global_colors_info=&#8221;{}&#8221; sticky_enabled=&#8221;0&#8243;]<\/p>\n<p>Inspecci\u00f3n de Tr\u00e1nsito y Transporte de Barrancabermeja, reconoce la importancia de la seguridad, privacidad y confidencialidad de los datos personales que suministran las personas, por lo cual se compromete con su protecci\u00f3n y manejo adecuado, conforme la normatividad colombiana de protecci\u00f3n de datos personales (Ley 1581 de 2012 y dem\u00e1s normativa de desarrollo); por esta raz\u00f3n establece la siguiente pol\u00edtica relacionada con el tratamiento de datos personales:<\/p>\n<p><strong>1. Identificaci\u00f3n del responsable del tratamiento de los datos<\/strong><\/p>\n<p><strong>Responsable:<\/strong> <strong>Inspecci\u00f3n de Tr\u00e1nsito y Transporte de Barrancabermeja<\/strong><\/p>\n<ul>\n<li><strong>Naturaleza jur\u00eddica:<\/strong> Persona jur\u00eddica de derecho p\u00fablico<\/li>\n<li><strong>NIT:<\/strong> 890270948-3<\/li>\n<li><strong>Objeto social:<\/strong> Sector P\u00fablico Territorial.<\/li>\n<\/ul>\n<p>La entidad es responsable del tratamiento de datos personales que recolecta a trav\u00e9s del desarrollo de su objeto social y que reposa en sus bases de datos.<\/p>\n<p><strong>2. Tratamiento y finalidad de los datos<\/strong><\/p>\n<p><strong>Finalidades del tratamiento:<\/strong><\/p>\n<ul>\n<li>Dar cumplimiento al objeto social de la entidad<\/li>\n<li>Desarrollo de funciones <strong>administrativas, legales y operativas<\/strong><\/li>\n<li>Tratamiento de datos de <strong>clientes, beneficiarios, proveedores y trabajadores<\/strong><\/li>\n<\/ul>\n<p><strong>Caracter\u00edsticas del tratamiento:<\/strong><\/p>\n<ul>\n<li>Se realizar\u00e1 con <strong>autorizaci\u00f3n previa e informada<\/strong> del titular<\/li>\n<li>Cumplimiento de la <strong>Ley 1581 de 2012<\/strong> y normativa de desarrollo<\/li>\n<li>Medios de almacenamiento: <strong>f\u00edsicos, electr\u00f3nicos o cualquier otro<\/strong> que permita conservaci\u00f3n y consulta<\/li>\n<li><strong>Confidencialidad permanente<\/strong>, incluso despu\u00e9s de finalizada la relaci\u00f3n contractual<\/li>\n<li>Tratamiento de <strong>datos sensibles<\/strong> solo cuando aplique y conforme a normatividad vigente<\/li>\n<li>Gesti\u00f3n conforme a <strong>normatividad de gesti\u00f3n documental<\/strong> aplicable<\/li>\n<\/ul>\n<p><strong>3. Derechos del titular<\/strong><\/p>\n<p>Conforme a la <strong>Ley 1581 de 2012<\/strong> y <strong>Decreto 1074 de 2015<\/strong>, los titulares tienen derecho a:<\/p>\n<p>\u2705 <strong>Conocer, actualizar y rectificar<\/strong> sus datos personales (parciales, inexactos, incompletos, fraccionados, que induzcan a error, o no autorizados)<\/p>\n<p>\u2705 <strong>Solicitar prueba de la autorizaci\u00f3n<\/strong> otorgada (salvo excepciones del Art. 10 &#8211; Ley 1581\/2012)<\/p>\n<p>\u2705 <strong>Ser informado<\/strong> sobre el uso dado a sus datos personales<\/p>\n<p>\u2705 <strong>Presentar quejas<\/strong> ante la Superintendencia de Industria y Comercio por infracciones<\/p>\n<p>\u2705 <strong>Revocar la autorizaci\u00f3n y\/o solicitar supresi\u00f3n<\/strong> cuando no se respeten principios, derechos y garant\u00edas<\/p>\n<p>\u2705 <strong>Acceder gratuitamente<\/strong> a los datos personales objeto de tratamiento<\/p>\n<p><strong>4. Responsable de atender peticiones, consultas y reclamos<\/strong><\/p>\n<p><strong>Responsable:<\/strong> <strong>Representante Legal<\/strong> de la Inspecci\u00f3n de Tr\u00e1nsito y Transporte de Barrancabermeja<\/p>\n<p><strong>Funci\u00f3n:<\/strong> Atender consultas, peticiones y reclamos presentados por los titulares para ejercer sus derechos de conocer, actualizar, rectificar, suprimir datos y revocar autorizaciones.<\/p>\n<p><strong>5. Procedimiento para ejercer derechos<\/strong><\/p>\n<p><strong>Medios de contacto:<\/strong><\/p>\n<ul>\n<li><strong>Presencial:<\/strong> Carrera 2 No. 50-25, Barrancabermeja, Colombia<\/li>\n<li><strong>Telef\u00f3nico:<\/strong> 097-6223474<\/li>\n<li><strong>Celular:<\/strong> 3002787568<\/li>\n<li><strong>Correo electr\u00f3nico:<\/strong> <a href=\"mailto:notificacionesjudiciales@transitobarrancabermeja.gov.co\">notificacionesjudiciales@transitobarrancabermeja.gov.co<\/a><\/li>\n<li><strong>Comunicaci\u00f3n f\u00edsica<\/strong> dirigida al domicilio<\/li>\n<\/ul>\n<p><strong>Procedimiento para eliminaci\u00f3n de datos:<\/strong><\/p>\n<ol>\n<li>Suministrar informaci\u00f3n de identificaci\u00f3n del titular<\/li>\n<li>Descripci\u00f3n detallada de los hechos que dan lugar a la petici\u00f3n<\/li>\n<li>Una vez recibida la solicitud, se iniciar\u00e1 el procedimiento para eliminar los datos de la base de datos<\/li>\n<\/ol>\n<p><strong>Disponibilidad:<\/strong> Los titulares pueden ejercer sus derechos <strong>en cualquier momento<\/strong><\/p>\n<p><strong>6. Fecha de entrada en vigencia y per\u00edodo de vigencia<\/strong><\/p>\n<p>La pol\u00edtica de protecci\u00f3n de datos personales de Inspecci\u00f3n de Tr\u00e1nsito y Transporte de Barrancabermeja, regir\u00e1 a partir del 29 de enero de 2026. Con el fin de hacer seguimiento al presente Plan, se realizar\u00e1 un seguimiento trimestral<\/p>\n<p>para verificaci\u00f3n, actualizaci\u00f3n y\/o cumplimiento de actividades. Las bases de datos sujetas a tratamiento Inspecci\u00f3n de Tr\u00e1nsito y Transporte de Barrancabermeja, estar\u00e1n vigentes mientras contin\u00faen ejerciendo las actividades propias de su objeto social y\/o el t\u00e9rmino que establezca la ley.<\/p>\n<p><strong>Cumplimiento normativo<\/strong><\/p>\n<p>Esta pol\u00edtica se desarrolla en cumplimiento de:<\/p>\n<ul>\n<li><strong>Ley 1581 de 2012<\/strong> (Protecci\u00f3n de Datos Personales)<\/li>\n<li><strong>Decreto 1074 de 2015<\/strong> (Decreto Reglamentario)<\/li>\n<li>Normativa colombiana de protecci\u00f3n de datos personales<\/li>\n<li>Normativa de gesti\u00f3n documental aplicable.<\/li>\n<\/ul>\n<p>&nbsp;<\/p>\n<p>[\/et_pb_text][\/et_pb_column][\/et_pb_row][\/et_pb_section]<\/p>\n","protected":false},"excerpt":{"rendered":"<p>POL\u00cdTICAS DE SEGURIDAD DE LA INFORMACI\u00d3NInspecci\u00f3n de Tr\u00e1nsito y Transporte de Barrancabermeja, reconoce la importancia de la seguridad, privacidad y confidencialidad de los datos personales que suministran las personas, por [&hellip;]<\/p>\n","protected":false},"author":1,"featured_media":0,"parent":0,"menu_order":0,"comment_status":"closed","ping_status":"closed","template":"","meta":{"_et_pb_use_builder":"on","_et_pb_old_content":"","_et_gb_content_width":"","footnotes":""},"class_list":["post-247530","page","type-page","status-publish","hentry"],"jetpack_sharing_enabled":true,"_links":{"self":[{"href":"https:\/\/transitobarrancabermeja.gov.co\/ittb\/wp-json\/wp\/v2\/pages\/247530","targetHints":{"allow":["GET"]}}],"collection":[{"href":"https:\/\/transitobarrancabermeja.gov.co\/ittb\/wp-json\/wp\/v2\/pages"}],"about":[{"href":"https:\/\/transitobarrancabermeja.gov.co\/ittb\/wp-json\/wp\/v2\/types\/page"}],"author":[{"embeddable":true,"href":"https:\/\/transitobarrancabermeja.gov.co\/ittb\/wp-json\/wp\/v2\/users\/1"}],"replies":[{"embeddable":true,"href":"https:\/\/transitobarrancabermeja.gov.co\/ittb\/wp-json\/wp\/v2\/comments?post=247530"}],"version-history":[{"count":13,"href":"https:\/\/transitobarrancabermeja.gov.co\/ittb\/wp-json\/wp\/v2\/pages\/247530\/revisions"}],"predecessor-version":[{"id":255836,"href":"https:\/\/transitobarrancabermeja.gov.co\/ittb\/wp-json\/wp\/v2\/pages\/247530\/revisions\/255836"}],"wp:attachment":[{"href":"https:\/\/transitobarrancabermeja.gov.co\/ittb\/wp-json\/wp\/v2\/media?parent=247530"}],"curies":[{"name":"wp","href":"https:\/\/api.w.org\/{rel}","templated":true}]}}