{"id":246538,"date":"2024-08-20T14:26:32","date_gmt":"2024-08-20T14:26:32","guid":{"rendered":"https:\/\/transito.sdstico.com\/?page_id=246538"},"modified":"2025-03-19T21:43:44","modified_gmt":"2025-03-19T21:43:44","slug":"notificaciones-cobro-coactivo","status":"publish","type":"page","link":"https:\/\/transitobarrancabermeja.gov.co\/ittb\/notificaciones-cobro-coactivo\/","title":{"rendered":"Notificaciones Cobro Coactivo"},"content":{"rendered":"<p>[et_pb_section fb_built=&#8221;1&#8243; custom_padding_last_edited=&#8221;on|desktop&#8221; admin_label=&#8221;T\u00edtulo&#8221; _builder_version=&#8221;4.27.0&#8243; custom_padding=&#8221;43px||43px||true|false&#8221; custom_padding_tablet=&#8221;31px||31px||true|false&#8221; custom_padding_phone=&#8221;0px||0px||true|false&#8221; animation_style=&#8221;fold&#8221; box_shadow_style=&#8221;preset1&#8243; global_colors_info=&#8221;{}&#8221;][et_pb_row admin_label=&#8221;Cobro coactivo&#8221; _builder_version=&#8221;4.16&#8243; background_size=&#8221;initial&#8221; background_position=&#8221;top_left&#8221; background_repeat=&#8221;repeat&#8221; global_colors_info=&#8221;{}&#8221;][et_pb_column type=&#8221;4_4&#8243; _builder_version=&#8221;4.16&#8243; custom_padding=&#8221;|||&#8221; global_colors_info=&#8221;{}&#8221; custom_padding__hover=&#8221;|||&#8221;][et_pb_text _builder_version=&#8221;4.27.0&#8243; _module_preset=&#8221;default&#8221; text_font=&#8221;Arial|700||on|||||&#8221; text_text_color=&#8221;gcid-d04955a2-4fae-4ef7-8f9d-d0771001e9c2&#8243; text_font_size=&#8221;60px&#8221; text_line_height=&#8221;1em&#8221; header_font=&#8221;Montserrat|700|||||||&#8221; header_text_color=&#8221;gcid-d04955a2-4fae-4ef7-8f9d-d0771001e9c2&#8243; header_font_size=&#8221;60px&#8221; text_orientation=&#8221;center&#8221; custom_margin=&#8221;||-14px||false|false&#8221; custom_margin_tablet=&#8221;||||false&#8221; custom_margin_phone=&#8221;||-10px||false|false&#8221; custom_margin_last_edited=&#8221;on|phone&#8221; custom_padding=&#8221;||0px|||&#8221; custom_padding_tablet=&#8221;||0px|||&#8221; custom_padding_phone=&#8221;0px||0px||true|false&#8221; custom_padding_last_edited=&#8221;on|phone&#8221; text_font_size_tablet=&#8221;60px&#8221; text_font_size_phone=&#8221;60px&#8221; text_font_size_last_edited=&#8221;on|desktop&#8221; header_font_size_tablet=&#8221;60px&#8221; header_font_size_phone=&#8221;40px&#8221; header_font_size_last_edited=&#8221;on|phone&#8221; global_colors_info=&#8221;{%22gcid-d04955a2-4fae-4ef7-8f9d-d0771001e9c2%22:%91%22text_text_color%22,%22header_text_color%22%93}&#8221;]<\/p>\n<h1>COBRO COACTIVO<\/h1>\n<p>[\/et_pb_text][\/et_pb_column][\/et_pb_row][\/et_pb_section][et_pb_section fb_built=&#8221;1&#8243; admin_label=&#8221;Varios&#8221; _builder_version=&#8221;4.27.0&#8243; _module_preset=&#8221;default&#8221; custom_padding=&#8221;51px|||||&#8221; global_colors_info=&#8221;{}&#8221;][et_pb_row admin_label=&#8221;Avisos de pago&#8221; _builder_version=&#8221;4.27.0&#8243; _module_preset=&#8221;default&#8221; custom_padding=&#8221;0px||0px||true|&#8221; global_colors_info=&#8221;{}&#8221;][et_pb_column type=&#8221;4_4&#8243; admin_label=&#8221;notificaci\u00f3n&#8221; _builder_version=&#8221;4.16&#8243; _module_preset=&#8221;default&#8221; global_colors_info=&#8221;{}&#8221;][et_pb_text _builder_version=&#8221;4.27.0&#8243; _module_preset=&#8221;default&#8221; text_font=&#8221;Montserrat||||||||&#8221; text_text_color=&#8221;#000000&#8243; text_orientation=&#8221;justified&#8221; animation_style=&#8221;fade&#8221; animation_duration=&#8221;985ms&#8221; global_colors_info=&#8221;{}&#8221;]<\/p>\n<p>LA OFICINA DE COBRO COACTIVO DE TR\u00c1NSITO Y TRANSPORTE DE BARRANCABERMEJA, en ejercicio de sus funciones y en cumplimiento de lo establecido en el art\u00edculo 563 Inciso 3 del Estatuto Tributario Nacional, procede a efectuar la Publicaci\u00f3n por PORTAL WEB del Aviso de Pago, a los infractores que a continuaci\u00f3n se relacionan por el no pago de las multas o infracciones al C\u00f3digo Nacional de Tr\u00e1nsito y Transporte. Se advierte a los ejecutados que deber\u00e1 pagar el valor de la liquidaci\u00f3n m\u00e1s intereses y costas del proceso, si se llegaren a causar.<\/p>\n<p>Se le advierte a las personas aqu\u00ed notificadas que contra el mandamiento de pago proceden las excepciones establecidas en el art\u00edculo 831 del Estatuto Tributario Nacional, las cuales deben presentarse personalmente o por medio de apoderado judicial ante este Organismo de Tr\u00e1nsito, dentro de los quince (15) d\u00edas h\u00e1biles contados a partir del d\u00eda h\u00e1bil siguiente a la presente publicaci\u00f3n.<\/p>\n<p>Para notificaciones realizadas antes del 1 de enero del 2025 que no se encuentren en el sitio actual, consultar <span style=\"text-decoration: underline;\"><a href=\"https:\/\/www.transitobarrancabermeja.gov.co\/portal\/index.php?searchword=Cobro%20coactivo&amp;searchphrase=all&amp;Itemid=101&amp;option=com_search\" target=\"_blank\" rel=\"noopener\" title=\"Consulta notificaciones antiguas \">AQUI<\/a><\/span>.<\/p>\n<p>[\/et_pb_text][et_pb_divider color=&#8221;gcid-0de0ac34-646f-4750-898f-c88f45fb7a59&#8243; divider_weight=&#8221;5px&#8221; _builder_version=&#8221;4.27.0&#8243; _module_preset=&#8221;default&#8221; animation_style=&#8221;fade&#8221; animation_duration=&#8221;995ms&#8221; global_colors_info=&#8221;{%22gcid-0de0ac34-646f-4750-898f-c88f45fb7a59%22:%91%22color%22%93}&#8221;][\/et_pb_divider][et_pb_blog include_categories=&#8221;64&#8243; show_more=&#8221;on&#8221; show_author=&#8221;off&#8221; show_categories=&#8221;off&#8221; _builder_version=&#8221;4.27.4&#8243; _module_preset=&#8221;default&#8221; body_font=&#8221;Montserrat||||||||&#8221; body_line_height=&#8221;1.3em&#8221; meta_font=&#8221;Montserrat|500|||||||&#8221; meta_text_color=&#8221;#000000&#8243; read_more_font=&#8221;Montserrat|600|||||||&#8221; hover_enabled=&#8221;0&#8243; global_colors_info=&#8221;{}&#8221; sticky_enabled=&#8221;0&#8243;][\/et_pb_blog][\/et_pb_column][\/et_pb_row][et_pb_row _builder_version=&#8221;4.16&#8243; _module_preset=&#8221;default&#8221; custom_padding=&#8221;0px||0px||true|&#8221; global_colors_info=&#8221;{}&#8221;][et_pb_column type=&#8221;4_4&#8243; _builder_version=&#8221;4.16&#8243; _module_preset=&#8221;default&#8221; global_colors_info=&#8221;{}&#8221;][\/et_pb_column][\/et_pb_row][\/et_pb_section]<\/p>\n","protected":false},"excerpt":{"rendered":"<p>COBRO COACTIVOLA OFICINA DE COBRO COACTIVO DE TR\u00c1NSITO Y TRANSPORTE DE BARRANCABERMEJA, en ejercicio de sus funciones y en cumplimiento de lo establecido en el art\u00edculo 563 Inciso 3 del [&hellip;]<\/p>\n","protected":false},"author":1,"featured_media":0,"parent":0,"menu_order":0,"comment_status":"closed","ping_status":"closed","template":"","meta":{"_et_pb_use_builder":"on","_et_pb_old_content":"","_et_gb_content_width":"","footnotes":""},"class_list":["post-246538","page","type-page","status-publish","hentry"],"jetpack_sharing_enabled":true,"_links":{"self":[{"href":"https:\/\/transitobarrancabermeja.gov.co\/ittb\/wp-json\/wp\/v2\/pages\/246538","targetHints":{"allow":["GET"]}}],"collection":[{"href":"https:\/\/transitobarrancabermeja.gov.co\/ittb\/wp-json\/wp\/v2\/pages"}],"about":[{"href":"https:\/\/transitobarrancabermeja.gov.co\/ittb\/wp-json\/wp\/v2\/types\/page"}],"author":[{"embeddable":true,"href":"https:\/\/transitobarrancabermeja.gov.co\/ittb\/wp-json\/wp\/v2\/users\/1"}],"replies":[{"embeddable":true,"href":"https:\/\/transitobarrancabermeja.gov.co\/ittb\/wp-json\/wp\/v2\/comments?post=246538"}],"version-history":[{"count":22,"href":"https:\/\/transitobarrancabermeja.gov.co\/ittb\/wp-json\/wp\/v2\/pages\/246538\/revisions"}],"predecessor-version":[{"id":254581,"href":"https:\/\/transitobarrancabermeja.gov.co\/ittb\/wp-json\/wp\/v2\/pages\/246538\/revisions\/254581"}],"wp:attachment":[{"href":"https:\/\/transitobarrancabermeja.gov.co\/ittb\/wp-json\/wp\/v2\/media?parent=246538"}],"curies":[{"name":"wp","href":"https:\/\/api.w.org\/{rel}","templated":true}]}}