{"id":246515,"date":"2024-08-20T14:23:05","date_gmt":"2024-08-20T14:23:05","guid":{"rendered":"https:\/\/transito.sdstico.com\/?page_id=246515"},"modified":"2024-12-31T19:54:17","modified_gmt":"2024-12-31T19:54:17","slug":"avisos-y-procesos-de-contratacion","status":"publish","type":"page","link":"https:\/\/transitobarrancabermeja.gov.co\/ittb\/avisos-y-procesos-de-contratacion\/","title":{"rendered":"Avisos y Procesos de Contrataci\u00f3n"},"content":{"rendered":"<p>[et_pb_section fb_built=&#8221;1&#8243; custom_padding_last_edited=&#8221;on|phone&#8221; admin_label=&#8221;T\u00edtulo&#8221; _builder_version=&#8221;4.27.0&#8243; _module_preset=&#8221;default&#8221; custom_margin=&#8221;||||true&#8221; custom_padding=&#8221;30px||30px||true|false&#8221; custom_padding_tablet=&#8221;30px||30px||true|false&#8221; custom_padding_phone=&#8221;10px||10px||true|false&#8221; animation_style=&#8221;slide&#8221; box_shadow_style=&#8221;preset1&#8243; global_colors_info=&#8221;{}&#8221;][et_pb_row admin_label=&#8221;Avisos y procesos de contrataci\u00f3n&#8221; _builder_version=&#8221;4.27.0&#8243; _module_preset=&#8221;default&#8221; background_enable_color=&#8221;off&#8221; width=&#8221;100%&#8221; max_width=&#8221;2560px&#8221; module_alignment=&#8221;center&#8221; custom_margin=&#8221;0px||0px||true|false&#8221; custom_padding=&#8221;30px||30px||true|false&#8221; locked=&#8221;off&#8221; global_colors_info=&#8221;{%22gcid-e59ac1fd-2c17-48ff-9ffe-d172314c39b5%22:%91%22background_color%22%93}&#8221;][et_pb_column type=&#8221;4_4&#8243; _builder_version=&#8221;4.16&#8243; _module_preset=&#8221;default&#8221; global_colors_info=&#8221;{}&#8221;][et_pb_text _builder_version=&#8221;4.27.0&#8243; _module_preset=&#8221;default&#8221; text_font=&#8221;Montserrat|700|||||||&#8221; text_text_color=&#8221;#FFFFFF&#8221; text_font_size=&#8221;60px&#8221; header_font=&#8221;Montserrat|||on|||||&#8221; header_text_color=&#8221;gcid-d04955a2-4fae-4ef7-8f9d-d0771001e9c2&#8243; header_font_size=&#8221;50px&#8221; width_tablet=&#8221;&#8221; width_phone=&#8221;90%&#8221; width_last_edited=&#8221;on|phone&#8221; module_alignment=&#8221;center&#8221; custom_margin=&#8221;0px||-13px||false|false&#8221; custom_margin_tablet=&#8221;0px||-10px||false|false&#8221; custom_margin_phone=&#8221;0px||-8px||false|false&#8221; custom_margin_last_edited=&#8221;on|desktop&#8221; custom_padding=&#8221;0px||0px||true|false&#8221; header_font_size_tablet=&#8221;50px&#8221; header_font_size_phone=&#8221;26px&#8221; header_font_size_last_edited=&#8221;on|phone&#8221; global_colors_info=&#8221;{%22gcid-d04955a2-4fae-4ef7-8f9d-d0771001e9c2%22:%91%22header_text_color%22%93}&#8221;]<\/p>\n<h1 style=\"text-align: center;\"><strong>Avisos y Procesos de Contrataci\u00f3n<\/strong><\/h1>\n<p>[\/et_pb_text][\/et_pb_column][\/et_pb_row][\/et_pb_section][et_pb_section fb_built=&#8221;1&#8243; admin_label=&#8221;Procesos de contrataci\u00f3n&#8221; _builder_version=&#8221;4.16&#8243; _module_preset=&#8221;default&#8221; custom_padding=&#8221;0px|||||&#8221; global_colors_info=&#8221;{}&#8221;][et_pb_row admin_label=&#8221;Informaci\u00f3n&#8221; _builder_version=&#8221;4.16&#8243; _module_preset=&#8221;default&#8221; global_colors_info=&#8221;{}&#8221; locked=&#8221;off&#8221;][et_pb_column type=&#8221;4_4&#8243; _builder_version=&#8221;4.16&#8243; _module_preset=&#8221;default&#8221; global_colors_info=&#8221;{}&#8221;][et_pb_text admin_label=&#8221;Informaci\u00f3n&#8221; _builder_version=&#8221;4.27.0&#8243; _module_preset=&#8221;default&#8221; animation_style=&#8221;fade&#8221; global_colors_info=&#8221;{}&#8221;]<\/p>\n<p>Toda la informaci\u00f3n sobre los procesos de contrataci\u00f3n se encuentran subidos en la plataforma del SECOP<\/p>\n<p>[\/et_pb_text][et_pb_text admin_label=&#8221;Manual de b\u00fasquedas en el SECOP&#8221; _builder_version=&#8221;4.27.0&#8243; _module_preset=&#8221;default&#8221; animation_style=&#8221;fade&#8221; link_option_url=&#8221;https:\/\/www.colombiacompra.gov.co\/secop-ii\/3248\/23712\/Buscar%20Procesos%20de%20Contrataci%C3%B3n#:~:text=En%20el%20men%C3%BA%20de%20b%C3%BAsqueda,sus%20criterios%20de%20su%20b%C3%BAsqueda.&#8221; link_option_url_new_window=&#8221;on&#8221; global_colors_info=&#8221;{}&#8221;]<\/p>\n<p>MANUAL DE BUSQUEDAS EN EL SECOP <span style=\"color: #fdc910;\">(CLICK AQUI)<\/span><\/p>\n<p>[\/et_pb_text][\/et_pb_column][\/et_pb_row][et_pb_row admin_label=&#8221;SECOP bot\u00f3n&#8221; _builder_version=&#8221;4.16&#8243; _module_preset=&#8221;default&#8221; global_colors_info=&#8221;{}&#8221; locked=&#8221;off&#8221;][et_pb_column type=&#8221;4_4&#8243; admin_label=&#8221;Bot\u00f3n ingresar al SECOP&#8221; _builder_version=&#8221;4.16&#8243; _module_preset=&#8221;default&#8221; global_colors_info=&#8221;{}&#8221;][et_pb_button button_url=&#8221;https:\/\/community.secop.gov.co\/STS\/Users\/Login\/Index?SkinName=CCE&#8221; url_new_window=&#8221;on&#8221; button_text=&#8221;Ingresar al SECOP&#8221; button_alignment=&#8221;center&#8221; _builder_version=&#8221;4.27.0&#8243; _module_preset=&#8221;default&#8221; custom_button=&#8221;on&#8221; button_text_size=&#8221;20px&#8221; button_text_color=&#8221;gcid-d04955a2-4fae-4ef7-8f9d-d0771001e9c2&#8243; button_bg_color=&#8221;gcid-e59ac1fd-2c17-48ff-9ffe-d172314c39b5&#8243; button_border_width=&#8221;2px&#8221; button_border_color=&#8221;gcid-d04955a2-4fae-4ef7-8f9d-d0771001e9c2&#8243; button_border_radius=&#8221;10px&#8221; button_font=&#8221;Arial|700|||||||&#8221; custom_padding=&#8221;8px|130px|8px|130px|true|true&#8221; custom_padding_tablet=&#8221;|144px||144px|true|true&#8221; custom_padding_phone=&#8221;|22px||22px|false|true&#8221; custom_padding_last_edited=&#8221;on|desktop&#8221; animation_style=&#8221;bounce&#8221; hover_enabled=&#8221;0&#8243; button_text_size_tablet=&#8221;20px&#8221; button_text_size_phone=&#8221;16px&#8221; button_text_size_last_edited=&#8221;on|phone&#8221; global_colors_info=&#8221;{%22gcid-d04955a2-4fae-4ef7-8f9d-d0771001e9c2%22:%91%22button_border_color%22,%22button_bg_color__hover%22,%22button_text_color%22%93,%22gcid-e59ac1fd-2c17-48ff-9ffe-d172314c39b5%22:%91%22button_border_color__hover%22,%22button_bg_color%22,%22button_text_color__hover%22%93}&#8221; button_border_width__hover_enabled=&#8221;on|desktop&#8221; button_border_color__hover_enabled=&#8221;on|desktop&#8221; button_border_color__hover=&#8221;#f5f5f5&#8243; button_bg_color__hover_enabled=&#8221;on|hover&#8221; button_bg_color__hover=&#8221;#ff4940&#8243; button_bg_enable_color__hover=&#8221;on&#8221; button_text_color__hover_enabled=&#8221;on|hover&#8221; button_text_color__hover=&#8221;#f5f5f5&#8243; button_border_width__hover=&#8221;2px&#8221; sticky_enabled=&#8221;0&#8243;][\/et_pb_button][\/et_pb_column][\/et_pb_row][et_pb_row admin_label=&#8221;Tabla &#8221; _builder_version=&#8221;4.16&#8243; _module_preset=&#8221;default&#8221; global_colors_info=&#8221;{}&#8221;][et_pb_column type=&#8221;4_4&#8243; admin_label=&#8221;Datos del aviso&#8221; _builder_version=&#8221;4.27.0&#8243; _module_preset=&#8221;default&#8221; global_colors_info=&#8221;{}&#8221;][et_pb_code _builder_version=&#8221;4.27.0&#8243; _module_preset=&#8221;default&#8221; animation_style=&#8221;fade&#8221; global_colors_info=&#8221;{}&#8221;]<div id=\"footable_parent_247104\"\n         class=\" footable_parent ninja_table_wrapper loading_ninja_table wp_table_data_press_parent semantic_ui colored_table\">\n                <table data-ninja_table_instance=\"ninja_table_instance_0\" data-footable_id=\"247104\" data-filter-delay=\"1000\" aria-label=\"Avisos y Procesos de Contrataci\u00f3n\"            id=\"footable_247104\"\n           data-unique_identifier=\"ninja_table_unique_id_1939573765_247104\"\n           class=\" foo-table ninja_footable foo_table_247104 ninja_table_unique_id_1939573765_247104 ui table  ninja_search_right nt_type_legacy_table selectable celled striped compact vertical_centered ninja_custom_color inverted footable-paging-right ninja_table_pro\">\n                <colgroup>\n                            <col class=\"ninja_column_0 \">\n                            <col class=\"ninja_column_1 \">\n                            <col class=\"ninja_column_2 \">\n                    <\/colgroup>\n        <thead>\n<tr class=\"footable-header\">\n                                                        <th scope=\"col\"  class=\"ninja_column_0 ninja_clmn_nm_nombre_y_descripcion_del_aviso \">Nombre y Descripci\u00f3n del Aviso<\/th><th scope=\"col\"  class=\"ninja_column_1 ninja_clmn_nm_descargar \">Descargar<\/th><th scope=\"col\"  class=\"ninja_column_2 ninja_clmn_nm_anexos \">Anexos<\/th><\/tr>\n<\/thead>\n<tbody>\n\n        <tr data-row_id=\"205\" class=\"ninja_table_row_0 nt_row_id_205\">\n            <td>SDM PSA MC 53 2024: DECLARACI\u00d3N DESIERTO PROCESO SDM PSA MC 53 2024<\/td><td>RESOLUCI\u00d3N No 184630<\/td><td>Invitacion publica, estudios previos y analisis del sector<\/td>        <\/tr>\n            <tr data-row_id=\"206\" class=\"ninja_table_row_1 nt_row_id_206\">\n            <td>No. 2024-2717: ACUERDO DE CORRESPONSABILIDAD No. 2024-2717 CELEBRADO ENTRE LA SECRETAR\u00cdA DISTRITAL DE MOVILIDAD Y LA ASOCIACI\u00d3N DE RECICLADORES PUERTA DE ORO BOGOT\u00c1 NIT 900.296.491-8<\/td><td>Sin Documento<\/td><td>ACUERDO DE CORRESPONSABILIDAD  No. 2024-2717<\/td>        <\/tr>\n            <tr data-row_id=\"207\" class=\"ninja_table_row_2 nt_row_id_207\">\n            <td>SMD-AC-80-2024: SUSCRIBIR UN ACUERDO DE CORRESPONSABILIDAD CON EL FIN DE REALIZAR LA CLASIFICACI\u00d3N,  RECOLECCI\u00d3N, TRANSPORTE, APROVECHAMIENTO Y\/ODISPOSICI\u00d3N FINAL DE LOS RESIDUOS S\u00d3LIDOS  APROVECHABLES DE CAR\u00c1CTER NOPELIGROSO QUE PRODUZCA LA SECRETAR\u00cdA DISTRITAL DE MOVILIDAD.<\/td><td>Sin Documento<\/td><td>evaluacion_definitiva_smd-ac-80-2024<\/td>        <\/tr>\n            <tr data-row_id=\"208\" class=\"ninja_table_row_3 nt_row_id_208\">\n            <td>SDM-MC-82-2024: REALIZAR EL MANTENIMIENTO PREVENTIVO Y CORRECTIVO, PUESTA A PUNTO, REPARACI\u00d3N Y\/O MEJORAS DEL ASCENSOR DE LA SECRETAR\u00cdA DISTRITAL DE MOVILIDAD<\/td><td>Sin Documento<\/td><td>Anexo complementario SDM-MC-82-2024<\/td>        <\/tr>\n            <tr data-row_id=\"209\" class=\"ninja_table_row_4 nt_row_id_209\">\n            <td>SMD-AC-80-2024: SUSCRIBIR UN ACUERDO DE CORRESPONSABILIDAD CON EL FIN DE REALIZAR LA CLASIFICACI\u00d3N, RECOLECCI\u00d3N, TRANSPORTE, APROVECHAMIENTO Y\/O DISPOSICI\u00d3N FINAL DE LOS RESIDUOS  S\u00d3LIDOS  APROVECHABLES DE CAR\u00c1CTERNO PELIGROSO QUE PRODUZCA  LA SECRETAR\u00cdA DISTRITAL DE MOVILIDAD<\/td><td>Sin Documento<\/td><td>Cronograma Matriz de Riesgos Estudios previos - invitaci\u00f3n Acuerdo de  corresponsabilidad evaluacion_tecnica_smd-ac-80-2024_ acuerdo_de_corresponsabildad<\/td>        <\/tr>\n            <tr data-row_id=\"210\" class=\"ninja_table_row_5 nt_row_id_210\">\n            <td>SDM-PSA-MC-76-2024: RENOVACI\u00d3N DE LICENCIAMIENTO SOPORTE Y GARANT\u00cdA DE F\u00c1BRICA DE LA PLATAFORMA INFOBLOX DE PROPIEDAD DE LA SECRETAR\u00cdA DISTRITAL DE MOVILIDAD<\/td><td>SDM-PSA-MC-76-2024<\/td><td>Sin Anexos<\/td>        <\/tr>\n            <tr data-row_id=\"211\" class=\"ninja_table_row_6 nt_row_id_211\">\n            <td>SDM-MC-71-2024: PRESTAR SERVICIOS DE AUDITOR\u00cdA INTERNA PARA EL SISTEMA DE SEGURIDAD DE LA INFORMACI\u00d3N (SGSI) Y EL SISTEMA DE GESTI\u00d3N DE LA CONTINUIDAD DEL NEGOCIO<\/td><td>SDM-MC-71-2024<\/td><td>Sin Anexos<\/td>        <\/tr>\n            <tr data-row_id=\"212\" class=\"ninja_table_row_7 nt_row_id_212\">\n            <td>SDM-MC-70-2024: SUMINISTRAR FORMATOS IMPRESOS PARA EL DESARROLLO DE LAS LABORES DE CONTROL AL TR\u00c1NSITO Y TRANSPORTE REALIZADAS POR LA SECRETAR\u00cdA DISTRITAL DE MOVILIDAD<\/td><td>SDM-MC-70-2024<\/td><td>Sin Anexos<\/td>        <\/tr>\n            <tr data-row_id=\"280\" class=\"ninja_table_row_8 nt_row_id_280\">\n            <td>Celebrar un Acuerdo de Corresponsabilidad para realizar Ia recolecci\u00f3n de los residuos aprovechables de car\u00e1cter no peligroso generados en las instalaciones de Ia INSPECCION DE TRANSITO Y TRANSPORTE DE BARRANCABERMEJA y en los inmuebles del archivo y Guardia de Transito de Ia entidad<\/td><td data-json_values={\"permalink\":\"https:\\\/\\\/transitobarrancabermeja.gov.co\\\/ittb\\\/wp-content\\\/uploads\\\/2026\\\/02\\\/DOCUMENTOS.pdf\",\"image_thumb\":\"https:\\\/\\\/transitobarrancabermeja.gov.co\\\/ittb\\\/wp-content\\\/uploads\\\/2025\\\/12\\\/Publicaciones-diciembre.7z\",\"image_full\":\"https:\\\/\\\/transitobarrancabermeja.gov.co\\\/ittb\\\/wp-content\\\/uploads\\\/2025\\\/12\\\/Publicaciones-diciembre.7z\",\"alt_text\":\"Publicaciones diciembre\"}>https:\/\/transitobarrancabermeja.gov.co\/ittb\/wp-content\/uploads\/2026\/02\/DOCUMENTOS.pdf, https:\/\/transitobarrancabermeja.gov.co\/ittb\/wp-content\/uploads\/2025\/12\/Publicaciones-diciembre.7z, https:\/\/transitobarrancabermeja.gov.co\/ittb\/wp-content\/uploads\/2025\/12\/Publicaciones-diciembre.7z, Publicaciones diciembre<\/td><td>https:\/\/transitobarrancabermeja.gov.co\/ittb\/wp-content\/uploads\/2026\/02\/DOCUMENTOS.pdf<\/td>        <\/tr>\n            <tr data-row_id=\"282\" class=\"ninja_table_row_9 nt_row_id_282\">\n            <td>Celebrar un Acuerdo de Corresponsabilidad para realizar Ia recolecci\u00f3n de los residuos\naprovechables de car\u00e1cter no peligroso generados en las instalaciones de Ia INSPECCION DE\nTRANSITO Y TRANSPORTE DE BARRANCABERMEJA y en los inmuebles del archivo y Guardia de\nTransito de Ia entidad<\/td><td data-json_values={\"permalink\":\"https:\\\/\\\/transitobarrancabermeja.gov.co\\\/ittb\\\/wp-content\\\/uploads\\\/2026\\\/02\\\/DOCUMENTOS.pdf\",\"image_thumb\":\"https:\\\/\\\/transitobarrancabermeja.gov.co\\\/ittb\\\/wp-content\\\/uploads\\\/2026\\\/02\\\/DOCUMENTOS.pdf\",\"image_full\":\"https:\\\/\\\/transitobarrancabermeja.gov.co\\\/ittb\\\/wp-content\\\/uploads\\\/2026\\\/02\\\/DOCUMENTOS.pdf\",\"alt_text\":\"DOCUMENTOS\"}>https:\/\/transitobarrancabermeja.gov.co\/ittb\/wp-content\/uploads\/2026\/02\/DOCUMENTOS.pdf, https:\/\/transitobarrancabermeja.gov.co\/ittb\/wp-content\/uploads\/2026\/02\/DOCUMENTOS.pdf, https:\/\/transitobarrancabermeja.gov.co\/ittb\/wp-content\/uploads\/2026\/02\/DOCUMENTOS.pdf, DOCUMENTOS<\/td><td>Invitacion publica, estudios previos y analisis del sector<\/td>        <\/tr>\n    <\/tbody><!--ninja_tobody_rendering_done-->\n    <\/table>\n    \n    \n    \n<\/div>\n[\/et_pb_code][\/et_pb_column][\/et_pb_row][\/et_pb_section]<\/p>\n","protected":false},"excerpt":{"rendered":"<p>Avisos y Procesos de Contrataci\u00f3nToda la informaci\u00f3n sobre los procesos de contrataci\u00f3n se encuentran subidos en la plataforma del SECOPMANUAL DE BUSQUEDAS EN EL SECOP (CLICK AQUI)<div id=\"footable_parent_247104\"\n         class=\" footable_parent ninja_table_wrapper loading_ninja_table wp_table_data_press_parent semantic_ui colored_table\">\n                <table data-ninja_table_instance=\"ninja_table_instance_1\" data-footable_id=\"247104\" data-filter-delay=\"1000\" aria-label=\"Avisos y Procesos de Contrataci\u00f3n\"            id=\"footable_247104\"\n           data-unique_identifier=\"ninja_table_unique_id_263613118_247104\"\n           class=\" foo-table ninja_footable foo_table_247104 ninja_table_unique_id_263613118_247104 ui table  ninja_search_right nt_type_legacy_table selectable celled striped compact vertical_centered ninja_custom_color inverted footable-paging-right ninja_table_pro\">\n                <colgroup>\n                            <col class=\"ninja_column_0 \">\n                            <col class=\"ninja_column_1 \">\n                            <col class=\"ninja_column_2 \">\n                    <\/colgroup>\n        <thead>\n<tr class=\"footable-header\">\n                                                        <th scope=\"col\"  class=\"ninja_column_0 ninja_clmn_nm_nombre_y_descripcion_del_aviso \">Nombre y Descripci\u00f3n del Aviso<\/th><th scope=\"col\"  class=\"ninja_column_1 ninja_clmn_nm_descargar \">Descargar<\/th><th scope=\"col\"  class=\"ninja_column_2 ninja_clmn_nm_anexos \">Anexos<\/th><\/tr>\n<\/thead>\n<tbody>\n\n        <tr data-row_id=\"205\" class=\"ninja_table_row_0 nt_row_id_205\">\n            <td>SDM PSA MC 53 2024: DECLARACI\u00d3N DESIERTO PROCESO SDM PSA MC 53 2024<\/td><td>RESOLUCI\u00d3N No 184630<\/td><td>Invitacion publica, estudios previos y analisis del sector<\/td>        <\/tr>\n            <tr data-row_id=\"206\" class=\"ninja_table_row_1 nt_row_id_206\">\n            <td>No. 2024-2717: ACUERDO DE CORRESPONSABILIDAD No. 2024-2717 CELEBRADO ENTRE LA SECRETAR\u00cdA DISTRITAL DE MOVILIDAD Y LA ASOCIACI\u00d3N DE RECICLADORES PUERTA DE ORO BOGOT\u00c1 NIT 900.296.491-8<\/td><td>Sin Documento<\/td><td>ACUERDO DE CORRESPONSABILIDAD  No. 2024-2717<\/td>        <\/tr>\n            <tr data-row_id=\"207\" class=\"ninja_table_row_2 nt_row_id_207\">\n            <td>SMD-AC-80-2024: SUSCRIBIR UN ACUERDO DE CORRESPONSABILIDAD CON EL FIN DE REALIZAR LA CLASIFICACI\u00d3N,  RECOLECCI\u00d3N, TRANSPORTE, APROVECHAMIENTO Y\/ODISPOSICI\u00d3N FINAL DE LOS RESIDUOS S\u00d3LIDOS  APROVECHABLES DE CAR\u00c1CTER NOPELIGROSO QUE PRODUZCA LA SECRETAR\u00cdA DISTRITAL DE MOVILIDAD.<\/td><td>Sin Documento<\/td><td>evaluacion_definitiva_smd-ac-80-2024<\/td>        <\/tr>\n            <tr data-row_id=\"208\" class=\"ninja_table_row_3 nt_row_id_208\">\n            <td>SDM-MC-82-2024: REALIZAR EL MANTENIMIENTO PREVENTIVO Y CORRECTIVO, PUESTA A PUNTO, REPARACI\u00d3N Y\/O MEJORAS DEL ASCENSOR DE LA SECRETAR\u00cdA DISTRITAL DE MOVILIDAD<\/td><td>Sin Documento<\/td><td>Anexo complementario SDM-MC-82-2024<\/td>        <\/tr>\n            <tr data-row_id=\"209\" class=\"ninja_table_row_4 nt_row_id_209\">\n            <td>SMD-AC-80-2024: SUSCRIBIR UN ACUERDO DE CORRESPONSABILIDAD CON EL FIN DE REALIZAR LA CLASIFICACI\u00d3N, RECOLECCI\u00d3N, TRANSPORTE, APROVECHAMIENTO Y\/O DISPOSICI\u00d3N FINAL DE LOS RESIDUOS  S\u00d3LIDOS  APROVECHABLES DE CAR\u00c1CTERNO PELIGROSO QUE PRODUZCA  LA SECRETAR\u00cdA DISTRITAL DE MOVILIDAD<\/td><td>Sin Documento<\/td><td>Cronograma Matriz de Riesgos Estudios previos - invitaci\u00f3n Acuerdo de  corresponsabilidad evaluacion_tecnica_smd-ac-80-2024_ acuerdo_de_corresponsabildad<\/td>        <\/tr>\n            <tr data-row_id=\"210\" class=\"ninja_table_row_5 nt_row_id_210\">\n            <td>SDM-PSA-MC-76-2024: RENOVACI\u00d3N DE LICENCIAMIENTO SOPORTE Y GARANT\u00cdA DE F\u00c1BRICA DE LA PLATAFORMA INFOBLOX DE PROPIEDAD DE LA SECRETAR\u00cdA DISTRITAL DE MOVILIDAD<\/td><td>SDM-PSA-MC-76-2024<\/td><td>Sin Anexos<\/td>        <\/tr>\n            <tr data-row_id=\"211\" class=\"ninja_table_row_6 nt_row_id_211\">\n            <td>SDM-MC-71-2024: PRESTAR SERVICIOS DE AUDITOR\u00cdA INTERNA PARA EL SISTEMA DE SEGURIDAD DE LA INFORMACI\u00d3N (SGSI) Y EL SISTEMA DE GESTI\u00d3N DE LA CONTINUIDAD DEL NEGOCIO<\/td><td>SDM-MC-71-2024<\/td><td>Sin Anexos<\/td>        <\/tr>\n            <tr data-row_id=\"212\" class=\"ninja_table_row_7 nt_row_id_212\">\n            <td>SDM-MC-70-2024: SUMINISTRAR FORMATOS IMPRESOS PARA EL DESARROLLO DE LAS LABORES DE CONTROL AL TR\u00c1NSITO Y TRANSPORTE REALIZADAS POR LA SECRETAR\u00cdA DISTRITAL DE MOVILIDAD<\/td><td>SDM-MC-70-2024<\/td><td>Sin Anexos<\/td>        <\/tr>\n            <tr data-row_id=\"280\" class=\"ninja_table_row_8 nt_row_id_280\">\n            <td>Celebrar un Acuerdo de Corresponsabilidad para realizar Ia recolecci\u00f3n de los residuos aprovechables de car\u00e1cter no peligroso generados en las instalaciones de Ia INSPECCION DE TRANSITO Y TRANSPORTE DE BARRANCABERMEJA y en los inmuebles del archivo y Guardia de Transito de Ia entidad<\/td><td data-json_values={\"permalink\":\"https:\\\/\\\/transitobarrancabermeja.gov.co\\\/ittb\\\/wp-content\\\/uploads\\\/2026\\\/02\\\/DOCUMENTOS.pdf\",\"image_thumb\":\"https:\\\/\\\/transitobarrancabermeja.gov.co\\\/ittb\\\/wp-content\\\/uploads\\\/2025\\\/12\\\/Publicaciones-diciembre.7z\",\"image_full\":\"https:\\\/\\\/transitobarrancabermeja.gov.co\\\/ittb\\\/wp-content\\\/uploads\\\/2025\\\/12\\\/Publicaciones-diciembre.7z\",\"alt_text\":\"Publicaciones diciembre\"}>https:\/\/transitobarrancabermeja.gov.co\/ittb\/wp-content\/uploads\/2026\/02\/DOCUMENTOS.pdf, https:\/\/transitobarrancabermeja.gov.co\/ittb\/wp-content\/uploads\/2025\/12\/Publicaciones-diciembre.7z, https:\/\/transitobarrancabermeja.gov.co\/ittb\/wp-content\/uploads\/2025\/12\/Publicaciones-diciembre.7z, Publicaciones diciembre<\/td><td>https:\/\/transitobarrancabermeja.gov.co\/ittb\/wp-content\/uploads\/2026\/02\/DOCUMENTOS.pdf<\/td>        <\/tr>\n            <tr data-row_id=\"282\" class=\"ninja_table_row_9 nt_row_id_282\">\n            <td>Celebrar un Acuerdo de Corresponsabilidad para realizar Ia recolecci\u00f3n de los residuos\naprovechables de car\u00e1cter no peligroso generados en las instalaciones de Ia INSPECCION DE\nTRANSITO Y TRANSPORTE DE BARRANCABERMEJA y en los inmuebles del archivo y Guardia de\nTransito de Ia entidad<\/td><td data-json_values={\"permalink\":\"https:\\\/\\\/transitobarrancabermeja.gov.co\\\/ittb\\\/wp-content\\\/uploads\\\/2026\\\/02\\\/DOCUMENTOS.pdf\",\"image_thumb\":\"https:\\\/\\\/transitobarrancabermeja.gov.co\\\/ittb\\\/wp-content\\\/uploads\\\/2026\\\/02\\\/DOCUMENTOS.pdf\",\"image_full\":\"https:\\\/\\\/transitobarrancabermeja.gov.co\\\/ittb\\\/wp-content\\\/uploads\\\/2026\\\/02\\\/DOCUMENTOS.pdf\",\"alt_text\":\"DOCUMENTOS\"}>https:\/\/transitobarrancabermeja.gov.co\/ittb\/wp-content\/uploads\/2026\/02\/DOCUMENTOS.pdf, https:\/\/transitobarrancabermeja.gov.co\/ittb\/wp-content\/uploads\/2026\/02\/DOCUMENTOS.pdf, https:\/\/transitobarrancabermeja.gov.co\/ittb\/wp-content\/uploads\/2026\/02\/DOCUMENTOS.pdf, DOCUMENTOS<\/td><td>Invitacion publica, estudios previos y analisis del sector<\/td>        <\/tr>\n    <\/tbody><!--ninja_tobody_rendering_done-->\n    <\/table>\n    \n    \n    \n<\/div>\n<\/p>\n","protected":false},"author":1,"featured_media":0,"parent":0,"menu_order":0,"comment_status":"closed","ping_status":"closed","template":"","meta":{"_et_pb_use_builder":"on","_et_pb_old_content":"","_et_gb_content_width":"","footnotes":""},"class_list":["post-246515","page","type-page","status-publish","hentry"],"jetpack_sharing_enabled":true,"_links":{"self":[{"href":"https:\/\/transitobarrancabermeja.gov.co\/ittb\/wp-json\/wp\/v2\/pages\/246515","targetHints":{"allow":["GET"]}}],"collection":[{"href":"https:\/\/transitobarrancabermeja.gov.co\/ittb\/wp-json\/wp\/v2\/pages"}],"about":[{"href":"https:\/\/transitobarrancabermeja.gov.co\/ittb\/wp-json\/wp\/v2\/types\/page"}],"author":[{"embeddable":true,"href":"https:\/\/transitobarrancabermeja.gov.co\/ittb\/wp-json\/wp\/v2\/users\/1"}],"replies":[{"embeddable":true,"href":"https:\/\/transitobarrancabermeja.gov.co\/ittb\/wp-json\/wp\/v2\/comments?post=246515"}],"version-history":[{"count":12,"href":"https:\/\/transitobarrancabermeja.gov.co\/ittb\/wp-json\/wp\/v2\/pages\/246515\/revisions"}],"predecessor-version":[{"id":253819,"href":"https:\/\/transitobarrancabermeja.gov.co\/ittb\/wp-json\/wp\/v2\/pages\/246515\/revisions\/253819"}],"wp:attachment":[{"href":"https:\/\/transitobarrancabermeja.gov.co\/ittb\/wp-json\/wp\/v2\/media?parent=246515"}],"curies":[{"name":"wp","href":"https:\/\/api.w.org\/{rel}","templated":true}]}}