{"id":246513,"date":"2024-08-20T14:23:04","date_gmt":"2024-08-20T14:23:04","guid":{"rendered":"https:\/\/transito.sdstico.com\/?page_id=246513"},"modified":"2026-03-14T17:40:22","modified_gmt":"2026-03-14T17:40:22","slug":"plan-anual-de-adquisiciones","status":"publish","type":"page","link":"https:\/\/transitobarrancabermeja.gov.co\/ittb\/plan-anual-de-adquisiciones\/","title":{"rendered":"Plan Anual de Adquisiciones"},"content":{"rendered":"<p>[et_pb_section fb_built=&#8221;1&#8243; custom_padding_last_edited=&#8221;on|phone&#8221; admin_label=&#8221;T\u00edtulo&#8221; _builder_version=&#8221;4.27.0&#8243; _module_preset=&#8221;default&#8221; custom_margin=&#8221;||||true&#8221; custom_padding=&#8221;30px||30px||true|false&#8221; custom_padding_tablet=&#8221;10px||10px||true|false&#8221; custom_padding_phone=&#8221;0px||0px||true|false&#8221; animation_style=&#8221;slide&#8221; animation_direction=&#8221;left&#8221; box_shadow_style=&#8221;preset1&#8243; global_colors_info=&#8221;{}&#8221;][et_pb_row admin_label=&#8221;Plan anual de adquisiciones&#8221; _builder_version=&#8221;4.27.0&#8243; _module_preset=&#8221;default&#8221; background_enable_color=&#8221;off&#8221; width=&#8221;100%&#8221; max_width=&#8221;2560px&#8221; module_alignment=&#8221;center&#8221; custom_margin=&#8221;0px||0px||true|false&#8221; custom_padding=&#8221;30px||30px||true|false&#8221; locked=&#8221;off&#8221; global_colors_info=&#8221;{%22gcid-e59ac1fd-2c17-48ff-9ffe-d172314c39b5%22:%91%22background_color%22%93}&#8221;][et_pb_column type=&#8221;4_4&#8243; _builder_version=&#8221;4.16&#8243; _module_preset=&#8221;default&#8221; global_colors_info=&#8221;{}&#8221;][et_pb_text _builder_version=&#8221;4.27.0&#8243; _module_preset=&#8221;default&#8221; text_font=&#8221;Montserrat|700|||||||&#8221; text_text_color=&#8221;#FFFFFF&#8221; text_font_size=&#8221;60px&#8221; header_font=&#8221;Montserrat|||on|||||&#8221; header_text_color=&#8221;gcid-d04955a2-4fae-4ef7-8f9d-d0771001e9c2&#8243; header_font_size=&#8221;50px&#8221; custom_margin=&#8221;0px||0px||true|false&#8221; custom_padding=&#8221;0px||0px||true|false&#8221; header_font_size_tablet=&#8221;40px&#8221; header_font_size_phone=&#8221;30px&#8221; header_font_size_last_edited=&#8221;on|phone&#8221; global_colors_info=&#8221;{%22gcid-d04955a2-4fae-4ef7-8f9d-d0771001e9c2%22:%91%22header_text_color%22%93}&#8221;]<\/p>\n<h1 style=\"text-align: center;\"><strong>PLAN ANUAL DE ADQUISICIONES<\/strong><\/h1>\n<p>[\/et_pb_text][\/et_pb_column][\/et_pb_row][\/et_pb_section][et_pb_section fb_built=&#8221;1&#8243; admin_label=&#8221;Varios&#8221; _builder_version=&#8221;4.27.0&#8243; _module_preset=&#8221;default&#8221; custom_padding=&#8221;30px||||false|false&#8221; global_colors_info=&#8221;{}&#8221;][et_pb_row admin_label=&#8221;Plan anual adquisiciones&#8221; _builder_version=&#8221;4.27.4&#8243; _module_preset=&#8221;default&#8221; custom_padding=&#8221;0px|||||&#8221; global_colors_info=&#8221;{}&#8221;][et_pb_column type=&#8221;4_4&#8243; _builder_version=&#8221;4.16&#8243; _module_preset=&#8221;default&#8221; global_colors_info=&#8221;{}&#8221;][et_pb_text admin_label=&#8221;Informaci\u00f3n&#8221; _builder_version=&#8221;4.27.0&#8243; _module_preset=&#8221;default&#8221; text_font=&#8221;Montserrat||||||||&#8221; animation_style=&#8221;slide&#8221; text_font_size_tablet=&#8221;&#8221; text_font_size_phone=&#8221;&#8221; text_font_size_last_edited=&#8221;on|phone&#8221; global_colors_info=&#8221;{}&#8221;]<\/p>\n<p style=\"text-align: justify;\"><span style=\"color: #000000;\">El Plan Anual de Adquisiciones es una herramienta que facilita identificar, registrar, programar y divulgar las necesidades de bienes, obras y servicios de la entidad, permitiendo dise\u00f1ar estrategias de contrataci\u00f3n basadas en agregaci\u00f3n de la demanda, que permitan incrementar la eficiencia del proceso de contrataci\u00f3n y el avance de los logros y objetivos propuestos.<\/span><\/p>\n<p>[\/et_pb_text][et_pb_code admin_label=&#8221;AdquisicionesPAA descargar&#8221; _builder_version=&#8221;4.27.0&#8243; _module_preset=&#8221;default&#8221; animation_style=&#8221;fade&#8221; global_colors_info=&#8221;{}&#8221;]\n            <div \n                class=\"elfsight-widget-file-embed elfsight-widget\" \n                data-elfsight-file-embed-options=\"%7B%22files%22%3A%5B%7B%22link%22%3A%22https%3A%5C%2F%5C%2Ftransitobarrancabermeja.gov.co%5C%2Fittb%5C%2Fwp-content%5C%2Fuploads%5C%2F2025%5C%2F02%5C%2F2.-Plan-de-Adquisiciones-2025-Versiones.xlsx%22%2C%22name%22%3A%22PAA%202025%22%2C%22previewImage%22%3Anull%7D%5D%2C%22widgetTitle%22%3A%22%22%2C%22layout%22%3A%22viewer%22%2C%22showIcon%22%3Atrue%2C%22previewImageSize%22%3A30%2C%22showDownloadLink%22%3Atrue%2C%22downloadLinkText%22%3A%22Descargar%22%2C%22width%22%3A%221080%22%2C%22nameColor%22%3A%22rgb%2817%2C%2017%2C%2017%29%22%2C%22downloadColor%22%3A%22rgb%28255%2C%2028%2C%2028%29%22%2C%22backgroundColor%22%3Anull%2C%22fileBackgroundColor%22%3Anull%2C%22widgetTitleColor%22%3A%22rgb%2817%2C%2017%2C%2017%29%22%2C%22iconColor%22%3A%22%22%2C%22nameFontSize%22%3A15%2C%22downloadFontSize%22%3A13%2C%22widgetTitleFontSize%22%3A20%2C%22widgetId%22%3A%2215%22%7D\" \n                data-elfsight-file-embed-version=\"1.1.1\"\n                data-elfsight-widget-id=\"elfsight-file-embed-15\">\n            <\/div>\n            [\/et_pb_code][et_pb_toggle title=&#8221;Archivo del PAA&#8221; open_toggle_text_color=&#8221;gcid-d04955a2-4fae-4ef7-8f9d-d0771001e9c2&#8243; open_toggle_background_color=&#8221;gcid-e59ac1fd-2c17-48ff-9ffe-d172314c39b5&#8243; closed_toggle_text_color=&#8221;gcid-f513a414-fb40-4551-81b8-8a603eb294c8&#8243; closed_toggle_background_color=&#8221;gcid-e59ac1fd-2c17-48ff-9ffe-d172314c39b5&#8243; icon_color=&#8221;gcid-d04955a2-4fae-4ef7-8f9d-d0771001e9c2&#8243; admin_label=&#8221;Archivo del PAA&#8221; _builder_version=&#8221;4.27.4&#8243; _module_preset=&#8221;default&#8221; title_text_color=&#8221;gcid-f513a414-fb40-4551-81b8-8a603eb294c8&#8243; title_font=&#8221;Montserrat|700|||||||&#8221; closed_title_font=&#8221;Montserrat|700|||||||&#8221; body_font=&#8221;Montserrat||||||||&#8221; animation_style=&#8221;slide&#8221; animation_direction=&#8221;right&#8221; hover_enabled=&#8221;0&#8243; border_radii=&#8221;on|10px|10px|10px|10px&#8221; border_color_all=&#8221;gcid-d04955a2-4fae-4ef7-8f9d-d0771001e9c2&#8243; global_colors_info=&#8221;{%22gcid-d04955a2-4fae-4ef7-8f9d-d0771001e9c2%22:%91%22icon_color%22,%22open_toggle_text_color%22,%22border_color_all%22%93,%22gcid-e59ac1fd-2c17-48ff-9ffe-d172314c39b5%22:%91%22open_toggle_background_color%22,%22closed_toggle_background_color%22%93,%22gcid-f513a414-fb40-4551-81b8-8a603eb294c8%22:%91%22title_text_color%22,%22closed_toggle_text_color%22%93}&#8221; link_option_url_new_window=&#8221;on&#8221; sticky_enabled=&#8221;0&#8243;]<\/p>\n<ul>\n<li>\n            <div \n                class=\"elfsight-widget-file-embed elfsight-widget\" \n                data-elfsight-file-embed-options=\"%7B%22files%22%3A%5B%7B%22link%22%3A%22https%3A%5C%2F%5C%2Ftransitobarrancabermeja.gov.co%5C%2Fittb%5C%2Fwp-content%5C%2Fuploads%5C%2F2024%5C%2F08%5C%2FPAA-2024.zip%22%2C%22name%22%3A%22PAA%202024%22%2C%22previewImage%22%3Anull%7D%2C%7B%22link%22%3A%22https%3A%5C%2F%5C%2Ftransitobarrancabermeja.gov.co%5C%2Fittb%5C%2Fwp-content%5C%2Fuploads%5C%2F2024%5C%2F08%5C%2FPAA_268081032_68081_v28.xls%22%2C%22name%22%3A%22PAA%202018%22%2C%22previewImage%22%3Anull%7D%2C%7B%22link%22%3A%22https%3A%5C%2F%5C%2Ftransitobarrancabermeja.gov.co%5C%2Fittb%5C%2Fwp-content%5C%2Fuploads%5C%2F2025%5C%2F02%5C%2F2.-Plan-de-Adquisiciones-2025-Versiones.xlsx%22%2C%22name%22%3A%22PAA%202025%22%2C%22previewImage%22%3Anull%7D%5D%2C%22widgetTitle%22%3A%22%22%2C%22layout%22%3A%22list%22%2C%22showIcon%22%3Afalse%2C%22previewImageSize%22%3A30%2C%22showDownloadLink%22%3Atrue%2C%22downloadLinkText%22%3A%22Descargar%22%2C%22width%22%3A800%2C%22nameColor%22%3A%22rgb%2817%2C%2017%2C%2017%29%22%2C%22downloadColor%22%3A%22rgb%2828%2C%20145%2C%20255%29%22%2C%22backgroundColor%22%3Anull%2C%22fileBackgroundColor%22%3Anull%2C%22widgetTitleColor%22%3A%22rgb%2817%2C%2017%2C%2017%29%22%2C%22iconColor%22%3A%22%22%2C%22nameFontSize%22%3A15%2C%22downloadFontSize%22%3A13%2C%22widgetTitleFontSize%22%3A20%2C%22widgetId%22%3A%2214%22%7D\" \n                data-elfsight-file-embed-version=\"1.1.1\"\n                data-elfsight-widget-id=\"elfsight-file-embed-14\">\n            <\/div>\n            <\/li>\n<\/ul>\n<p>[\/et_pb_toggle][et_pb_text admin_label=&#8221;Manual de b\u00fasquedas secop&#8221; _builder_version=&#8221;4.27.4&#8243; _module_preset=&#8221;default&#8221; header_3_font=&#8221;&#8211;et_global_body_font||||||||&#8221; header_3_text_color=&#8221;#fdc910&#8243; header_3_font_size=&#8221;13px&#8221; animation_style=&#8221;fade&#8221; link_option_url=&#8221;https:\/\/operaciones.colombiacompra.gov.co\/sites\/cce_public\/files\/cce_step\/20190315_bp_guia_busquedapublica_ciudadano_v3.pdf&#8221; link_option_url_new_window=&#8221;on&#8221; global_colors_info=&#8221;{}&#8221;]<\/p>\n<p>MANUAL DE BUSQUEDAS EN EL SECOP<\/p>\n<h3>(CLICK AQUI)<\/h3>\n<p>[\/et_pb_text][\/et_pb_column][\/et_pb_row][et_pb_row admin_label=&#8221;Ver el PAA desde SECOP ll&#8221; _builder_version=&#8221;4.16&#8243; _module_preset=&#8221;default&#8221; global_colors_info=&#8221;{}&#8221;][et_pb_column type=&#8221;4_4&#8243; admin_label=&#8221;Bot\u00f3n SECOP ll&#8221; _builder_version=&#8221;4.16&#8243; _module_preset=&#8221;default&#8221; global_colors_info=&#8221;{}&#8221;][et_pb_button button_url=&#8221;https:\/\/community.secop.gov.co\/Public\/App\/AnnualPurchasingPlanEditPublic\/View?id=694913&#8243; url_new_window=&#8221;on&#8221; button_text=&#8221;Ver el PAA desde SECOP II&#8221; button_alignment=&#8221;center&#8221; _builder_version=&#8221;4.27.4&#8243; _module_preset=&#8221;default&#8221; custom_button=&#8221;on&#8221; button_text_size=&#8221;20px&#8221; button_text_color=&#8221;gcid-d04955a2-4fae-4ef7-8f9d-d0771001e9c2&#8243; button_bg_color=&#8221;gcid-e59ac1fd-2c17-48ff-9ffe-d172314c39b5&#8243; button_border_width=&#8221;2px&#8221; button_border_color=&#8221;gcid-d04955a2-4fae-4ef7-8f9d-d0771001e9c2&#8243; button_border_radius=&#8221;10px&#8221; button_font=&#8221;Arial|700|||||||&#8221; custom_padding=&#8221;8px|130px|8px|130px|true|true&#8221; custom_padding_tablet=&#8221;|144px||144px|true|true&#8221; custom_padding_phone=&#8221;|22px||22px|false|true&#8221; custom_padding_last_edited=&#8221;on|desktop&#8221; animation_style=&#8221;bounce&#8221; hover_enabled=&#8221;0&#8243; button_text_size_tablet=&#8221;20px&#8221; button_text_size_phone=&#8221;16px&#8221; button_text_size_last_edited=&#8221;on|phone&#8221; global_colors_info=&#8221;{%22gcid-d04955a2-4fae-4ef7-8f9d-d0771001e9c2%22:%91%22button_border_color%22,%22button_bg_color__hover%22,%22button_text_color%22%93,%22gcid-e59ac1fd-2c17-48ff-9ffe-d172314c39b5%22:%91%22button_border_color__hover%22,%22button_bg_color%22,%22button_text_color__hover%22%93}&#8221; button_border_width__hover_enabled=&#8221;on|desktop&#8221; button_border_color__hover_enabled=&#8221;on|desktop&#8221; button_border_color__hover=&#8221;#f5f5f5&#8243; button_bg_color__hover_enabled=&#8221;on|hover&#8221; button_bg_color__hover=&#8221;#ff4940&#8243; button_bg_enable_color__hover=&#8221;on&#8221; button_text_color__hover_enabled=&#8221;on|hover&#8221; button_text_color__hover=&#8221;#f5f5f5&#8243; button_border_width__hover=&#8221;2px&#8221; sticky_enabled=&#8221;0&#8243;][\/et_pb_button][\/et_pb_column][\/et_pb_row][\/et_pb_section]<\/p>\n","protected":false},"excerpt":{"rendered":"<p>PLAN ANUAL DE ADQUISICIONESEl Plan Anual de Adquisiciones es una herramienta que facilita identificar, registrar, programar y divulgar las necesidades de bienes, obras y servicios de la entidad, permitiendo dise\u00f1ar [&hellip;]<\/p>\n","protected":false},"author":1,"featured_media":0,"parent":0,"menu_order":0,"comment_status":"closed","ping_status":"closed","template":"","meta":{"_et_pb_use_builder":"on","_et_pb_old_content":"","_et_gb_content_width":"","footnotes":""},"class_list":["post-246513","page","type-page","status-publish","hentry"],"jetpack_sharing_enabled":true,"_links":{"self":[{"href":"https:\/\/transitobarrancabermeja.gov.co\/ittb\/wp-json\/wp\/v2\/pages\/246513","targetHints":{"allow":["GET"]}}],"collection":[{"href":"https:\/\/transitobarrancabermeja.gov.co\/ittb\/wp-json\/wp\/v2\/pages"}],"about":[{"href":"https:\/\/transitobarrancabermeja.gov.co\/ittb\/wp-json\/wp\/v2\/types\/page"}],"author":[{"embeddable":true,"href":"https:\/\/transitobarrancabermeja.gov.co\/ittb\/wp-json\/wp\/v2\/users\/1"}],"replies":[{"embeddable":true,"href":"https:\/\/transitobarrancabermeja.gov.co\/ittb\/wp-json\/wp\/v2\/comments?post=246513"}],"version-history":[{"count":25,"href":"https:\/\/transitobarrancabermeja.gov.co\/ittb\/wp-json\/wp\/v2\/pages\/246513\/revisions"}],"predecessor-version":[{"id":255719,"href":"https:\/\/transitobarrancabermeja.gov.co\/ittb\/wp-json\/wp\/v2\/pages\/246513\/revisions\/255719"}],"wp:attachment":[{"href":"https:\/\/transitobarrancabermeja.gov.co\/ittb\/wp-json\/wp\/v2\/media?parent=246513"}],"curies":[{"name":"wp","href":"https:\/\/api.w.org\/{rel}","templated":true}]}}