{"id":246492,"date":"2024-08-20T14:17:14","date_gmt":"2024-08-20T14:17:14","guid":{"rendered":"https:\/\/transito.sdstico.com\/?page_id=246492"},"modified":"2025-08-28T15:30:01","modified_gmt":"2025-08-28T15:30:01","slug":"preguntas-frecuentes","status":"publish","type":"page","link":"https:\/\/transitobarrancabermeja.gov.co\/ittb\/preguntas-frecuentes\/","title":{"rendered":"Preguntas Frecuentes"},"content":{"rendered":"<p>[et_pb_section fb_built=&#8221;1&#8243; admin_label=&#8221;T\u00edtulo&#8221; _builder_version=&#8221;4.27.0&#8243; _module_preset=&#8221;default&#8221; custom_margin=&#8221;||||true&#8221; custom_padding=&#8221;0px||0px||true|&#8221; animation_style=&#8221;slide&#8221; animation_direction=&#8221;top&#8221; box_shadow_style=&#8221;preset1&#8243; global_colors_info=&#8221;{}&#8221;][et_pb_row admin_label=&#8221;Preguntas frecuentes&#8221; _builder_version=&#8221;4.16&#8243; _module_preset=&#8221;default&#8221; width=&#8221;90%&#8221; max_width=&#8221;1230px&#8221; custom_margin=&#8221;0px||0px||true|false&#8221; custom_padding=&#8221;44px||44px||true|false&#8221; locked=&#8221;off&#8221; global_colors_info=&#8221;{}&#8221;][et_pb_column type=&#8221;4_4&#8243; _builder_version=&#8221;4.16&#8243; _module_preset=&#8221;default&#8221; global_colors_info=&#8221;{}&#8221;][et_pb_text _builder_version=&#8221;4.27.0&#8243; _module_preset=&#8221;default&#8221; text_font=&#8221;Arial|700|||||||&#8221; text_text_color=&#8221;#7CDA24&#8243; text_font_size=&#8221;60px&#8221; header_font=&#8221;Montserrat|||on|||||&#8221; header_text_color=&#8221;gcid-d04955a2-4fae-4ef7-8f9d-d0771001e9c2&#8243; header_font_size=&#8221;60px&#8221; custom_margin=&#8221;0px||0px||true|false&#8221; custom_padding=&#8221;0px||0px||true|false&#8221; header_font_size_tablet=&#8221;40px&#8221; header_font_size_phone=&#8221;34px&#8221; header_font_size_last_edited=&#8221;on|phone&#8221; global_colors_info=&#8221;{%22gcid-d04955a2-4fae-4ef7-8f9d-d0771001e9c2%22:%91%22header_text_color%22%93}&#8221;]<\/p>\n<h1 style=\"text-align: center;\"><strong>PREGUNTAS FRECUENTES<\/strong><\/h1>\n<p>[\/et_pb_text][\/et_pb_column][\/et_pb_row][\/et_pb_section][et_pb_section fb_built=&#8221;1&#8243; admin_label=&#8221;Preguntas frecuentes&#8221; _builder_version=&#8221;4.27.0&#8243; _module_preset=&#8221;default&#8221; custom_padding=&#8221;50px||||false|false&#8221; global_colors_info=&#8221;{}&#8221;][et_pb_row column_structure=&#8221;1_2,1_2&#8243; admin_label=&#8221;Preguntas&#8221; _builder_version=&#8221;4.27.0&#8243; _module_preset=&#8221;default&#8221; custom_padding=&#8221;0px|||||&#8221; global_colors_info=&#8221;{}&#8221;][et_pb_column type=&#8221;1_2&#8243; _builder_version=&#8221;4.16&#8243; _module_preset=&#8221;default&#8221; global_colors_info=&#8221;{}&#8221;][et_pb_accordion open_toggle_text_color=&#8221;gcid-d04955a2-4fae-4ef7-8f9d-d0771001e9c2&#8243; open_toggle_background_color=&#8221;gcid-e59ac1fd-2c17-48ff-9ffe-d172314c39b5&#8243; closed_toggle_text_color=&#8221;gcid-f513a414-fb40-4551-81b8-8a603eb294c8&#8243; closed_toggle_background_color=&#8221;gcid-e59ac1fd-2c17-48ff-9ffe-d172314c39b5&#8243; icon_color=&#8221;gcid-d04955a2-4fae-4ef7-8f9d-d0771001e9c2&#8243; use_icon_font_size=&#8221;on&#8221; _builder_version=&#8221;4.27.4&#8243; _module_preset=&#8221;default&#8221; toggle_text_color=&#8221;gcid-f513a414-fb40-4551-81b8-8a603eb294c8&#8243; toggle_font=&#8221;Montserrat|700|||||||&#8221; toggle_text_align=&#8221;center&#8221; toggle_font_size=&#8221;14px&#8221; closed_toggle_font=&#8221;Arial|700|||||||&#8221; body_font=&#8221;Montserrat||||||||&#8221; body_text_align=&#8221;justify&#8221; body_text_color=&#8221;#000000&#8243; text_orientation=&#8221;left&#8221; height_last_edited=&#8221;off|desktop&#8221; custom_margin_tablet=&#8221;&#8221; custom_margin_phone=&#8221;&#8221; custom_margin_last_edited=&#8221;on|desktop&#8221; custom_padding=&#8221;||||false|false&#8221; custom_padding_tablet=&#8221;||||false|false&#8221; custom_padding_phone=&#8221;||||false|false&#8221; custom_padding_last_edited=&#8221;on|desktop&#8221; animation_style=&#8221;slide&#8221; hover_enabled=&#8221;0&#8243; toggle_font_size_tablet=&#8221;14px&#8221; toggle_font_size_phone=&#8221;10px&#8221; toggle_font_size_last_edited=&#8221;on|phone&#8221; body_font_size_tablet=&#8221;&#8221; body_font_size_phone=&#8221;10px&#8221; body_font_size_last_edited=&#8221;on|phone&#8221; body_line_height_tablet=&#8221;&#8221; body_line_height_phone=&#8221;1.3em&#8221; body_line_height_last_edited=&#8221;on|phone&#8221; border_radii=&#8221;on|10px|10px|10px|10px&#8221; box_shadow_style=&#8221;preset1&#8243; global_colors_info=&#8221;{%22gcid-d04955a2-4fae-4ef7-8f9d-d0771001e9c2%22:%91%22icon_color%22,%22open_toggle_text_color%22%93,%22gcid-e59ac1fd-2c17-48ff-9ffe-d172314c39b5%22:%91%22closed_toggle_background_color%22,%22open_toggle_background_color%22%93,%22gcid-f513a414-fb40-4551-81b8-8a603eb294c8%22:%91%22toggle_text_color%22,%22closed_toggle_text_color%22%93}&#8221; sticky_enabled=&#8221;0&#8243;][et_pb_accordion_item title=&#8221;Donde puedo verificar comparendos y multas&#8221; icon_color=&#8221;gcid-d04955a2-4fae-4ef7-8f9d-d0771001e9c2&#8243; _builder_version=&#8221;4.27.4&#8243; _module_preset=&#8221;default&#8221; body_font=&#8221;Montserrat||||||||&#8221; body_line_height=&#8221;1.2em&#8221; global_colors_info=&#8221;{%22gcid-d04955a2-4fae-4ef7-8f9d-d0771001e9c2%22:%91%22icon_color%22%93}&#8221; toggle_font=&#8221;Montserrat|700|||||||&#8221; toggle_text_align=&#8221;center&#8221; open=&#8221;on&#8221;]<\/p>\n<div class=\"hlcw0c\">\n<div class=\"MjjYud\">\n<div class=\"A6K0A\" data-rpos=\"2\" id=\"S0lXRd\">\n<div jscontroller=\"SC7lYd\" class=\"g Ww4FFb vt6azd tF2Cxc asEBEc\" lang=\"es\" jsaction=\"QyLbLe:OMITjf;ewaord:qsYrDe;xd28Mb:A6j43c\" data-hveid=\"CBkQAA\" data-ved=\"2ahUKEwjx06H-4NKKAxXQSzABHVdHNh4QFSgAegQIGRAA\">\n<div class=\"N54PNb BToiNc\" data-snc=\"xoZmYe\">\n<div class=\"kb0PBd A9Y9g\" data-snf=\"nke7rc\" data-sncf=\"1\">\n<ul>\n<li class=\"VwiC3b yXK7lf p4wth r025kc hJNv6b Hdw6tb\">En la opcion consultas de la pagina web de la ITTB https:\/\/transitobarrancabermeja.gov.co\/ittb\/comparendos-3\/\n<\/li>\n<li class=\"VwiC3b yXK7lf p4wth r025kc hJNv6b Hdw6tb\">En <a href=\"https:\/\/www.fcm.org.co\/simit\/#\/home-public\" target=\"_blank\" rel=\"noopener\">SIMIT<\/a>\u00a0puedes\u00a0consultar y pagar tus\u00a0multas\u00a0de tr\u00e1nsito de toda Colombia, de manera f\u00e1cil y segura.\u00a0Puedes\u00a0pagar en m\u00e1s de 20 mil puntos a nivel nacional.<\/li>\n<\/ul>\n<\/div>\n<\/div>\n<\/div>\n<\/div>\n<\/div>\n<\/div>\n<div class=\"MjjYud\">\n<p><span class=\"oUAcPd\" id=\"fld_Akh0Z_HKH9CXwbkP147Z8QE_1\" data-csim=\"\" lta=\"1735673858433\"><\/span><\/p>\n<div class=\"A6K0A\" data-rpos=\"4\" id=\"uLEOKb\">\n<div jscontroller=\"Da4hkd\" jsname=\"bq0EGf\" class=\"cUnQKe\" data-initq=\"donde puedo verificar comparendos y multas\" data-qc=\"Cipkb25kZSBwdWVkbyB2ZXJpZmljYXIgY29tcGFyZW5kb3MgeSBtdWx0YXMQDn2Nly4_ogECZXM\" data-ulkwtsb=\"1\" jsdata=\"Dmybpc;_;Brsg6w\" jsaction=\"HUiaHb:mlZWMd;FmigO:OKc46b;rcuQ6b:QyrbTd\" data-hveid=\"CEQQAA\" data-ved=\"2ahUKEwjx06H-4NKKAxXQSzABHVdHNh4QuU4oAHoECEQQAA\">\n<p><srpx-bugfix><\/srpx-bugfix><\/p>\n<div class=\"Wt5Tfe\"><\/div>\n<\/div>\n<\/div>\n<\/div>\n<p>[\/et_pb_accordion_item][et_pb_accordion_item title=&#8221;Requisitos para retirar veh\u00edculo de los patios&#8221; _builder_version=&#8221;4.27.4&#8243; _module_preset=&#8221;default&#8221; body_font=&#8221;Montserrat||||||||&#8221; body_line_height=&#8221;1.2em&#8221; hover_enabled=&#8221;0&#8243; global_colors_info=&#8221;{}&#8221; toggle_font=&#8221;Montserrat|700|||||||&#8221; open=&#8221;off&#8221; sticky_enabled=&#8221;0&#8243;]<\/p>\n<div class=\"WaaZC\">\n<div class=\"RJPOee EIJn2\">\n<div class=\"rPeykc uP58nb MNX06c\" data-hveid=\"CCUQAQ\" data-ved=\"2ahUKEwjo-4ab4tKKAxVoTDABHUNTBesQo_EKegQIJRAB\"><span data-huuid=\"16576082330740650218\"><span aria-level=\"2\" role=\"heading\">Para retirar un veh\u00edculo de los patios en Barrancabermeja, se deben cumplir los siguientes requisitos:<\/span><span class=\"UV3uM\">\u00a0<\/span><\/span><\/div>\n<div class=\"rPeykc uP58nb MNX06c\" data-hveid=\"CCUQAQ\" data-ved=\"2ahUKEwjo-4ab4tKKAxVoTDABHUNTBesQo_EKegQIJRAB\"><span data-huuid=\"16576082330740650218\"><span class=\"UV3uM\"><\/span><\/span><\/div>\n<\/div>\n<\/div>\n<div class=\"WaaZC\">\n<div class=\"RJPOee EIJn2\">\n<p>&nbsp;<\/p>\n<ul>\n<li style=\"list-style-type: none;\">\n<ul>\n<li style=\"list-style-type: none;\">\n<ul jscontroller=\"M2ABbc\" jsaction=\"jZtoLb:SaHfyb\" data-hveid=\"CBcQAQ\" data-ved=\"2ahUKEwjo-4ab4tKKAxVoTDABHUNTBesQm_YKegQIFxAB\">\n<li><span data-huuid=\"16576082330740653675\">Presentar los documentos requeridos en la ITTB<\/span><\/li>\n<li><span data-huuid=\"16576082330740651781\">Pagar el patio y la gr\u00faa por PSE o en los puntos autorizados<\/span><\/li>\n<li><span data-huuid=\"16576082330740653983\">Presentarse en el Patio Autorizado\u00a0 (Km 4 via Bucaramanga) con la orden de salida original y el pago<\/span><\/li>\n<li><span data-huuid=\"16576082330740652089\">Retirar el veh\u00edculo<\/span><\/li>\n<\/ul>\n<\/li>\n<\/ul>\n<\/li>\n<\/ul>\n<\/div>\n<\/div>\n<div class=\"WaaZC\">\n<div class=\"RJPOee EIJn2\"><\/div>\n<\/div>\n<p>[\/et_pb_accordion_item][et_pb_accordion_item title=&#8221;Donde me puedo reportar un veh\u00edculo mal estacionado&#8221; open=&#8221;off&#8221; _builder_version=&#8221;4.27.4&#8243; _module_preset=&#8221;default&#8221; body_font=&#8221;Montserrat||||||||&#8221; body_line_height=&#8221;1.2em&#8221; global_colors_info=&#8221;{}&#8221; toggle_font=&#8221;Montserrat|700|||||||&#8221;]<\/p>\n<p>1. Telef\u00f3nicamente:<\/p>\n<p>N\u00famero de<span>\u00a0<\/span><strong>ATENCI\u00d3N AL CIUDADANO:<\/strong><span> (<\/span><strong>607)6000630<\/strong><\/p>\n<p>Horario:\u00a0 lunes a domingo las 24 horas del dia<\/p>\n<p>&nbsp;<\/p>\n<p>[\/et_pb_accordion_item][et_pb_accordion_item title=&#8221;Requisitos para sacar tarjeta de propiedad y valor&#8221; _builder_version=&#8221;4.27.4&#8243; _module_preset=&#8221;default&#8221; body_font=&#8221;Montserrat||||||||&#8221; body_line_height=&#8221;1.2em&#8221; global_colors_info=&#8221;{}&#8221; toggle_font=&#8221;Montserrat|700|||||||&#8221; open=&#8221;off&#8221;]<\/p>\n<div class=\"WaaZC\">\n<div class=\"RJPOee EIJn2\">\n<div class=\"rPeykc uP58nb MNX06c\" data-hveid=\"CBcQAQ\" data-ved=\"2ahUKEwjHgbbv5dKKAxW_STABHRt6L74Qo_EKegQIFxAB\">\n<p><span data-huuid=\"4786511238123761778\"><span aria-level=\"2\" role=\"heading\">Para sacar la tarjeta de propiedad de un veh\u00edculo en Colombia, se deben cumplir los siguientes requisitos:<\/span><span class=\"UV3uM\">\u00a0<\/span><\/span><\/p>\n<div data-cid=\"07cad46f-9347-4ee9-a0d3-91ddbd3aaab5\" data-uuids=\"4786511238123761778,4786511238123764169,4786511238123761667,4786511238123763261,4786511238123764855,4786511238123762353,4786511238123763947\" class=\"NPrrbc\">\n<div jsname=\"HtgYJd\" class=\"BMebGe btku5b fCrZyc LwdV0e FR7ZSc OJeuxf\" jsaction=\"click:trigger.YbaXcb;\" aria-label=\"Ver v\u00ednculos relacionados\" role=\"button\" data-hveid=\"CAkQAQ\" data-ved=\"2ahUKEwjHgbbv5dKKAxW_STABHRt6L74Q3fYKegQICRAB\" tabindex=\"0\">\n<div class=\"niO4u\">\n<div class=\"kHtcsd\"><\/div>\n<\/div>\n<\/div>\n<\/div>\n<\/div>\n<\/div>\n<\/div>\n<div class=\"WaaZC\">\n<div class=\"RJPOee EIJn2\">\n<ul jscontroller=\"M2ABbc\" jsaction=\"jZtoLb:SaHfyb\" data-hveid=\"CBYQAQ\" data-ved=\"2ahUKEwjHgbbv5dKKAxW_STABHRt6L74Qm_YKegQIFhAB\">\n<li><span data-huuid=\"4786511238123764169\">Estar inscrito en el Registro \u00danico Nacional de Tr\u00e1nsito (RUNT)<\/span><\/li>\n<li><span data-huuid=\"4786511238123761667\">Presentar el documento de identidad original<\/span><\/li>\n<li><span data-huuid=\"4786511238123763261\">Diligenciar el formulario de solicitud de tr\u00e1mite<\/span><\/li>\n<li><span data-huuid=\"4786511238123764855\">Tener el SOAT vigente e incorporado en el RUNT<\/span><\/li>\n<li><span data-huuid=\"4786511238123762353\">Estar a paz y salvo por multas e infracciones a las normas de tr\u00e1nsito<\/span><\/li>\n<li><span data-huuid=\"4786511238123763947\">Pagar los derechos del tr\u00e1mite<\/span><\/li>\n<\/ul>\n<\/div>\n<\/div>\n<div class=\"WaaZC\">\n<div class=\"RJPOee EIJn2\">\n<div class=\"rPeykc\" data-hveid=\"CBsQAQ\" data-ved=\"2ahUKEwjHgbbv5dKKAxW_STABHRt6L74Qo_EKegQIGxAB\" style=\"text-align: justify;\"><span data-huuid=\"6316676671520990700\">En caso de que el tr\u00e1mite lo realice un tercero, este debe estar registrado en el RUNT y presentar un poder general, especial o contrato de mandato.<span class=\"UV3uM\">\u00a0<\/span><\/span><\/div>\n<\/div>\n<\/div>\n<div class=\"WaaZC\" style=\"text-align: justify;\">\n<div class=\"RJPOee EIJn2\">\n<div class=\"rPeykc\" data-hveid=\"CCIQAQ\" data-ved=\"2ahUKEwjHgbbv5dKKAxW_STABHRt6L74Qo_EKegQIIhAB\"><span data-huuid=\"6915432706894057217\">El costo del tr\u00e1mite de la tarjeta de propiedad para carros y motos en 2024 es de aproximadamente $139.200.<span class=\"UV3uM\">\u00a0<\/span><\/span><\/div>\n<\/div>\n<\/div>\n<div class=\"WaaZC\">\n<div class=\"RJPOee EIJn2\">\n<div class=\"rPeykc\" data-hveid=\"CCcQAQ\" data-ved=\"2ahUKEwjHgbbv5dKKAxW_STABHRt6L74Qo_EKegQIJxAB\" style=\"text-align: justify;\"><span data-huuid=\"6316676671520991664\">Si se trata de una persona jur\u00eddica, se debe anexar una copia del certificado de existencia y representaci\u00f3n legal con vigencia no mayor a 30 d\u00edas.<\/span><\/div>\n<\/div>\n<\/div>\n<p>[\/et_pb_accordion_item][\/et_pb_accordion][\/et_pb_column][et_pb_column type=&#8221;1_2&#8243; _builder_version=&#8221;4.16&#8243; _module_preset=&#8221;default&#8221; global_colors_info=&#8221;{}&#8221;][et_pb_accordion open_toggle_text_color=&#8221;#ff4940&#8243; open_toggle_background_color=&#8221;#f5f5f5&#8243; closed_toggle_text_color=&#8221;#606060&#8243; closed_toggle_background_color=&#8221;#f5f5f5&#8243; icon_color=&#8221;#ff4940&#8243; use_icon_font_size=&#8221;on&#8221; _builder_version=&#8221;4.27.4&#8243; _module_preset=&#8221;default&#8221; toggle_text_color=&#8221;#606060&#8243; toggle_font=&#8221;Montserrat|700|||||||&#8221; toggle_text_align=&#8221;center&#8221; toggle_font_size=&#8221;14px&#8221; closed_toggle_font=&#8221;Arial|700|||||||&#8221; body_font=&#8221;Montserrat||||||||&#8221; body_text_align=&#8221;justify&#8221; body_text_color=&#8221;#000000&#8243; text_orientation=&#8221;left&#8221; height_last_edited=&#8221;off|desktop&#8221; custom_margin_tablet=&#8221;&#8221; custom_margin_phone=&#8221;&#8221; custom_margin_last_edited=&#8221;on|desktop&#8221; custom_padding=&#8221;||||false|false&#8221; custom_padding_tablet=&#8221;||||false|false&#8221; custom_padding_phone=&#8221;||||false|false&#8221; custom_padding_last_edited=&#8221;on|desktop&#8221; animation_style=&#8221;slide&#8221; toggle_font_size_tablet=&#8221;14px&#8221; toggle_font_size_phone=&#8221;10px&#8221; toggle_font_size_last_edited=&#8221;on|phone&#8221; body_font_size_tablet=&#8221;&#8221; body_font_size_phone=&#8221;10px&#8221; body_font_size_last_edited=&#8221;on|phone&#8221; body_line_height_tablet=&#8221;&#8221; body_line_height_phone=&#8221;1.3em&#8221; body_line_height_last_edited=&#8221;on|phone&#8221; border_radii=&#8221;on|10px|10px|10px|10px&#8221; box_shadow_style=&#8221;preset1&#8243; global_colors_info=&#8221;{%22gcid-d04955a2-4fae-4ef7-8f9d-d0771001e9c2%22:%91%22closed_toggle_background_color%22,%22toggle_text_color%22%93}&#8221;][et_pb_accordion_item title=&#8221;Donde puedo ver los impuestos que debe mi veh\u00edculo&#8221; _builder_version=&#8221;4.27.4&#8243; _module_preset=&#8221;default&#8221; body_font=&#8221;Montserrat||||||||&#8221; body_line_height=&#8221;1.2em&#8221; global_colors_info=&#8221;{}&#8221; toggle_font=&#8221;Montserrat|700|||||||&#8221; open=&#8221;on&#8221;]<\/p>\n<p><span>El link principal de la p\u00e1gina ITTB es: https:\/\/transitobarrancabermeja.gov.co\/ittb\/porte-de-placa\/<\/span><\/p>\n<p>[\/et_pb_accordion_item][et_pb_accordion_item title=&#8221;Requisitos para sacar duplicado de placa&#8221; open=&#8221;off&#8221; _builder_version=&#8221;4.27.0&#8243; _module_preset=&#8221;default&#8221; body_font=&#8221;Montserrat||||||||&#8221; body_line_height=&#8221;1.2em&#8221; global_colors_info=&#8221;{}&#8221; toggle_font=&#8221;Montserrat|700|||||||&#8221;]<\/p>\n<p><strong>Requisitos Generales:<\/strong><br \/>\u2022 Estar inscrito ante el RUNT<br \/>\u2022 Tener vigente el Seguro Obligatorio de Accidentes de Tr\u00e1nsito SOAT ante el RUNT<br \/>\u2022 Estar a paz y salvo ante el Sistema Integrado de Informaci\u00f3n de Multas por Infracciones de Tr\u00e1nsito SIMIT<br \/>\u2022 Tener vigente la revisi\u00f3n t\u00e9cnico mec\u00e1nica ante el RUNT<\/p>\n<p>\u2022 En caso de ser persona Jur\u00eddica, deber\u00e1 presentar certificado de existencia y representaci\u00f3n legal del propietario con vigencia no mayor a 30 d\u00edas.<br \/>\u2022 En caso de que el propietario del veh\u00edculo no pueda realizar el tr\u00e1mite, deber\u00e1 otorgar poder o mandato a un tercero.<\/p>\n<p><strong>Documentos Requeridos:<\/strong><br \/>\u2022 Formulario de solicitud de tr\u00e1mites del registro nacional automotor debidamente diligenciado, firmado por el propietario y con las improntas del veh\u00edculo adheridas al reverso del formulario.<br \/>\u2022 Recibo de pago de los derechos del tr\u00e1mite<\/p>\n<ul class=\"wp-block-list\">\n<li>Declaraci\u00f3n por escrito de la p\u00e9rdida de la (s) placa (s).<\/li>\n<li>Cuando el tr\u00e1mite se realice por deterioro, se deber\u00e1n entregar las placa(s) usadas del veh\u00edculo automotor.<\/li>\n<\/ul>\n<p>[\/et_pb_accordion_item][\/et_pb_accordion][\/et_pb_column][\/et_pb_row][et_pb_row admin_label=&#8221;Separador&#8221; _builder_version=&#8221;4.16&#8243; _module_preset=&#8221;default&#8221; custom_padding=&#8221;||0px|||&#8221; border_radii=&#8221;on|10px|10px|10px|10px&#8221; global_colors_info=&#8221;{}&#8221;][et_pb_column type=&#8221;4_4&#8243; _builder_version=&#8221;4.16&#8243; _module_preset=&#8221;default&#8221; global_colors_info=&#8221;{}&#8221;][et_pb_divider color=&#8221;gcid-0de0ac34-646f-4750-898f-c88f45fb7a59&#8243; divider_weight=&#8221;8px&#8221; _builder_version=&#8221;4.16&#8243; _module_preset=&#8221;default&#8221; global_colors_info=&#8221;{%22gcid-0de0ac34-646f-4750-898f-c88f45fb7a59%22:%91%22color%22%93}&#8221;][\/et_pb_divider][\/et_pb_column][\/et_pb_row][et_pb_row admin_label=&#8221;Texto&#8221; _builder_version=&#8221;4.27.0&#8243; _module_preset=&#8221;default&#8221; custom_padding=&#8221;29px||45px||false|false&#8221; border_radii=&#8221;on|10px|10px|10px|10px&#8221; global_colors_info=&#8221;{}&#8221;][et_pb_column type=&#8221;4_4&#8243; _builder_version=&#8221;4.16&#8243; _module_preset=&#8221;default&#8221; global_colors_info=&#8221;{}&#8221;][et_pb_text _builder_version=&#8221;4.27.0&#8243; _module_preset=&#8221;default&#8221; text_font=&#8221;Montserrat|700|||||||&#8221; text_text_color=&#8221;gcid-f513a414-fb40-4551-81b8-8a603eb294c8&#8243; text_font_size=&#8221;30px&#8221; text_orientation=&#8221;center&#8221; text_font_size_tablet=&#8221;24px&#8221; text_font_size_phone=&#8221;20px&#8221; text_font_size_last_edited=&#8221;on|desktop&#8221; text_line_height_tablet=&#8221;1.2em&#8221; text_line_height_phone=&#8221;1.2em&#8221; text_line_height_last_edited=&#8221;on|tablet&#8221; global_colors_info=&#8221;{%22gcid-f513a414-fb40-4551-81b8-8a603eb294c8%22:%91%22text_text_color%22%93}&#8221;]<\/p>\n<p>\u00bfNo ves la pregunta que buscas?\u00a0 <strong>Escr\u00edbenos<\/strong><\/p>\n<p>[\/et_pb_text][\/et_pb_column][\/et_pb_row][\/et_pb_section]<\/p>\n","protected":false},"excerpt":{"rendered":"<p>PREGUNTAS FRECUENTES En la opcion consultas de la pagina web de la ITTB https:\/\/transitobarrancabermeja.gov.co\/ittb\/comparendos-3\/ En SIMIT\u00a0puedes\u00a0consultar y pagar tus\u00a0multas\u00a0de tr\u00e1nsito de toda Colombia, de manera f\u00e1cil y segura.\u00a0Puedes\u00a0pagar en m\u00e1s [&hellip;]<\/p>\n","protected":false},"author":1,"featured_media":0,"parent":0,"menu_order":0,"comment_status":"closed","ping_status":"closed","template":"","meta":{"_et_pb_use_builder":"on","_et_pb_old_content":"","_et_gb_content_width":"","footnotes":""},"class_list":["post-246492","page","type-page","status-publish","hentry"],"jetpack_sharing_enabled":true,"_links":{"self":[{"href":"https:\/\/transitobarrancabermeja.gov.co\/ittb\/wp-json\/wp\/v2\/pages\/246492","targetHints":{"allow":["GET"]}}],"collection":[{"href":"https:\/\/transitobarrancabermeja.gov.co\/ittb\/wp-json\/wp\/v2\/pages"}],"about":[{"href":"https:\/\/transitobarrancabermeja.gov.co\/ittb\/wp-json\/wp\/v2\/types\/page"}],"author":[{"embeddable":true,"href":"https:\/\/transitobarrancabermeja.gov.co\/ittb\/wp-json\/wp\/v2\/users\/1"}],"replies":[{"embeddable":true,"href":"https:\/\/transitobarrancabermeja.gov.co\/ittb\/wp-json\/wp\/v2\/comments?post=246492"}],"version-history":[{"count":30,"href":"https:\/\/transitobarrancabermeja.gov.co\/ittb\/wp-json\/wp\/v2\/pages\/246492\/revisions"}],"predecessor-version":[{"id":255189,"href":"https:\/\/transitobarrancabermeja.gov.co\/ittb\/wp-json\/wp\/v2\/pages\/246492\/revisions\/255189"}],"wp:attachment":[{"href":"https:\/\/transitobarrancabermeja.gov.co\/ittb\/wp-json\/wp\/v2\/media?parent=246492"}],"curies":[{"name":"wp","href":"https:\/\/api.w.org\/{rel}","templated":true}]}}