{"id":246475,"date":"2024-08-20T14:06:47","date_gmt":"2024-08-20T14:06:47","guid":{"rendered":"https:\/\/transito.sdstico.com\/?page_id=246475"},"modified":"2024-09-06T17:22:54","modified_gmt":"2024-09-06T17:22:54","slug":"atencion-a-la-ciudadania","status":"publish","type":"page","link":"https:\/\/transitobarrancabermeja.gov.co\/ittb\/atencion-a-la-ciudadania\/","title":{"rendered":"Atenci\u00f3n a la ciudadania"},"content":{"rendered":"<p>[et_pb_section fb_built=&#8221;1&#8243; custom_padding_last_edited=&#8221;on|phone&#8221; admin_label=&#8221;T\u00edtulo&#8221; module_id=&#8221;sedes&#8221; _builder_version=&#8221;4.27.0&#8243; _module_preset=&#8221;default&#8221; custom_margin=&#8221;||||true&#8221; custom_padding=&#8221;30px||30px||true|false&#8221; custom_padding_tablet=&#8221;30px||30px||true|false&#8221; custom_padding_phone=&#8221;10px||10px||true|false&#8221; animation_style=&#8221;slide&#8221; animation_direction=&#8221;bottom&#8221; box_shadow_style=&#8221;preset1&#8243; global_colors_info=&#8221;{}&#8221;][et_pb_row admin_label=&#8221;Atenci\u00f3n a la ciudadan\u00eda&#8221; _builder_version=&#8221;4.27.0&#8243; _module_preset=&#8221;default&#8221; background_enable_color=&#8221;off&#8221; width=&#8221;100%&#8221; max_width=&#8221;2560px&#8221; module_alignment=&#8221;center&#8221; custom_margin=&#8221;0px||0px||true|false&#8221; custom_padding=&#8221;30px||30px||true|false&#8221; locked=&#8221;off&#8221; global_colors_info=&#8221;{%22gcid-d04955a2-4fae-4ef7-8f9d-d0771001e9c2%22:%91%22background_color%22%93}&#8221;][et_pb_column type=&#8221;4_4&#8243; _builder_version=&#8221;4.16&#8243; _module_preset=&#8221;default&#8221; global_colors_info=&#8221;{}&#8221;][et_pb_text _builder_version=&#8221;4.27.0&#8243; _module_preset=&#8221;default&#8221; text_font=&#8221;Montserrat|700|||||||&#8221; text_text_color=&#8221;#FFFFFF&#8221; text_font_size=&#8221;60px&#8221; header_font=&#8221;Montserrat|700||on|||||&#8221; header_text_color=&#8221;gcid-primary-color&#8221; header_font_size=&#8221;60px&#8221; header_2_font=&#8221;Montserrat|600|||||||&#8221; header_2_text_color=&#8221;#ff4940&#8243; header_2_line_height=&#8221;1.8em&#8221; header_3_font=&#8221;Montserrat||||||||&#8221; header_3_text_color=&#8221;#fdc910&#8243; header_4_font=&#8221;Montserrat|500|||||||&#8221; custom_margin=&#8221;2px||-9px||false|false&#8221; custom_padding=&#8221;0px||0px||true|false&#8221; header_font_size_tablet=&#8221;40px&#8221; header_font_size_phone=&#8221;30px&#8221; header_font_size_last_edited=&#8221;on|phone&#8221; global_colors_info=&#8221;{%22gcid-primary-color%22:%91%22header_text_color%22%93}&#8221;]<\/p>\n<h1 style=\"text-align: center;\">Atenci\u00f3n a la Ciudadan\u00eda<\/h1>\n<p>[\/et_pb_text][\/et_pb_column][\/et_pb_row][\/et_pb_section][et_pb_section fb_built=&#8221;1&#8243; specialty=&#8221;on&#8221; custom_padding_last_edited=&#8221;on|tablet&#8221; admin_label=&#8221;Horario de atenci\u00f3n&#8221; _builder_version=&#8221;4.27.0&#8243; _module_preset=&#8221;default&#8221; custom_padding_tablet=&#8221;0px||||false|false&#8221; custom_padding_phone=&#8221;0px||||false|false&#8221; global_colors_info=&#8221;{}&#8221;][et_pb_column type=&#8221;1_2&#8243; specialty_columns=&#8221;2&#8243; _builder_version=&#8221;4.16&#8243; custom_padding=&#8221;|||&#8221; global_colors_info=&#8221;{}&#8221; custom_padding__hover=&#8221;|||&#8221;][et_pb_row_inner admin_label=&#8221;Texto&#8221; _builder_version=&#8221;4.16&#8243; _module_preset=&#8221;default&#8221; custom_padding=&#8221;54px|||||&#8221; global_colors_info=&#8221;{}&#8221;][et_pb_column_inner saved_specialty_column_type=&#8221;1_2&#8243; _builder_version=&#8221;4.16&#8243; _module_preset=&#8221;default&#8221; global_colors_info=&#8221;{}&#8221;][et_pb_text admin_label=&#8221;horario&#8221; _builder_version=&#8221;4.27.0&#8243; _module_preset=&#8221;default&#8221; text_font=&#8221;Montserrat|700|||||||&#8221; text_text_color=&#8221;gcid-d04955a2-4fae-4ef7-8f9d-d0771001e9c2&#8243; text_font_size=&#8221;40px&#8221; header_font=&#8221;Montserrat|700|||||||&#8221; header_text_color=&#8221;#FFFFFF&#8221; header_font_size=&#8221;43px&#8221; header_2_font=&#8221;Montserrat|600|||||||&#8221; header_2_text_color=&#8221;#ff4940&#8243; header_2_line_height=&#8221;1.8em&#8221; header_3_font=&#8221;Montserrat||||||||&#8221; header_3_text_color=&#8221;#fdc910&#8243; header_4_font=&#8221;Montserrat|500|||||||&#8221; custom_margin=&#8221;||6px||false|false&#8221; animation_style=&#8221;bounce&#8221; global_colors_info=&#8221;{%22gcid-d04955a2-4fae-4ef7-8f9d-d0771001e9c2%22:%91%22text_text_color%22%93}&#8221;]<\/p>\n<p style=\"text-align: center;\"><strong>Horario<\/strong><\/p>\n<p>[\/et_pb_text][et_pb_text admin_label=&#8221;De atenci\u00f3n&#8221; _builder_version=&#8221;4.27.0&#8243; _module_preset=&#8221;default&#8221; text_font=&#8221;Montserrat|700|||||||&#8221; text_text_color=&#8221;gcid-d04955a2-4fae-4ef7-8f9d-d0771001e9c2&#8243; text_font_size=&#8221;26px&#8221; header_font=&#8221;Montserrat|700|||||||&#8221; header_text_color=&#8221;#FFFFFF&#8221; header_font_size=&#8221;43px&#8221; header_2_font=&#8221;Montserrat|600|||||||&#8221; header_2_text_color=&#8221;#ff4940&#8243; header_2_line_height=&#8221;1.8em&#8221; header_3_font=&#8221;Montserrat||||||||&#8221; header_3_text_color=&#8221;#fdc910&#8243; header_4_font=&#8221;Montserrat|500|||||||&#8221; animation_style=&#8221;bounce&#8221; global_colors_info=&#8221;{%22gcid-d04955a2-4fae-4ef7-8f9d-d0771001e9c2%22:%91%22text_text_color%22%93}&#8221;]<\/p>\n<p style=\"text-align: center;\"><strong>de Atenci\u00f3n<\/strong><\/p>\n<p>[\/et_pb_text][\/et_pb_column_inner][\/et_pb_row_inner][et_pb_row_inner column_structure=&#8221;1_2,1_2&#8243; custom_padding_last_edited=&#8221;on|phone&#8221; admin_label=&#8221;Horario&#8221; module_class=&#8221;endos&#8221; _builder_version=&#8221;4.27.0&#8243; _module_preset=&#8221;default&#8221; custom_padding_tablet=&#8221;&#8221; custom_padding_phone=&#8221;0px||0px||true|false&#8221; global_colors_info=&#8221;{}&#8221;][et_pb_column_inner type=&#8221;1_2&#8243; saved_specialty_column_type=&#8221;1_2&#8243; admin_label=&#8221;Lunes a jueves&#8221; _builder_version=&#8221;4.16&#8243; _module_preset=&#8221;default&#8221; global_colors_info=&#8221;{}&#8221;][et_pb_text _builder_version=&#8221;4.27.0&#8243; _module_preset=&#8221;default&#8221; text_font=&#8221;Montserrat||||||||&#8221; text_text_color=&#8221;gcid-d04955a2-4fae-4ef7-8f9d-d0771001e9c2&#8243; text_font_size=&#8221;20px&#8221; header_font=&#8221;Montserrat|700|||||||&#8221; header_text_color=&#8221;#FFFFFF&#8221; header_font_size=&#8221;43px&#8221; header_2_font=&#8221;Montserrat|600|||||||&#8221; header_2_text_color=&#8221;gcid-d04955a2-4fae-4ef7-8f9d-d0771001e9c2&#8243; header_2_font_size=&#8221;20px&#8221; header_2_line_height=&#8221;1.8em&#8221; header_3_font=&#8221;Montserrat||||||||&#8221; header_3_text_color=&#8221;gcid-0de0ac34-646f-4750-898f-c88f45fb7a59&#8243; header_4_font=&#8221;Montserrat|500|||||||&#8221; header_4_font_size=&#8221;16px&#8221; animation_style=&#8221;bounce&#8221; text_font_size_tablet=&#8221;20px&#8221; text_font_size_phone=&#8221;14px&#8221; text_font_size_last_edited=&#8221;on|phone&#8221; header_font_size_tablet=&#8221;43px&#8221; header_font_size_phone=&#8221;38px&#8221; header_font_size_last_edited=&#8221;on|phone&#8221; header_2_font_size_tablet=&#8221;20px&#8221; header_2_font_size_phone=&#8221;14px&#8221; header_2_font_size_last_edited=&#8221;on|phone&#8221; header_4_font_size_tablet=&#8221;16px&#8221; header_4_font_size_phone=&#8221;12px&#8221; header_4_font_size_last_edited=&#8221;on|phone&#8221; global_colors_info=&#8221;{%22gcid-d04955a2-4fae-4ef7-8f9d-d0771001e9c2%22:%91%22text_text_color%22,%22header_2_text_color%22%93,%22gcid-0de0ac34-646f-4750-898f-c88f45fb7a59%22:%91%22header_3_text_color%22%93}&#8221;]<\/p>\n<h2 style=\"text-align: center;\">Lunes a Jueves<\/h2>\n<h4 style=\"text-align: center;\"><span style=\"color: #000000;\">7:00 am \u2013 11:30 pm<\/span><br \/><span style=\"color: #000000;\">2:00 pm \u2013 5:00 pm<\/span><\/h4>\n<p>[\/et_pb_text][\/et_pb_column_inner][et_pb_column_inner type=&#8221;1_2&#8243; saved_specialty_column_type=&#8221;1_2&#8243; admin_label=&#8221;Viernes&#8221; _builder_version=&#8221;4.16&#8243; _module_preset=&#8221;default&#8221; global_colors_info=&#8221;{}&#8221;][et_pb_text _builder_version=&#8221;4.27.0&#8243; _module_preset=&#8221;default&#8221; text_font=&#8221;Montserrat||||||||&#8221; text_text_color=&#8221;gcid-d04955a2-4fae-4ef7-8f9d-d0771001e9c2&#8243; text_font_size=&#8221;20px&#8221; header_font=&#8221;Montserrat|700|||||||&#8221; header_text_color=&#8221;#FFFFFF&#8221; header_font_size=&#8221;43px&#8221; header_2_font=&#8221;Montserrat|600|||||||&#8221; header_2_text_color=&#8221;#ff4940&#8243; header_2_font_size=&#8221;20px&#8221; header_2_line_height=&#8221;1.8em&#8221; header_3_font=&#8221;Montserrat||||||||&#8221; header_3_text_color=&#8221;#fdc910&#8243; header_4_font=&#8221;Montserrat|500|||||||&#8221; header_4_font_size=&#8221;16px&#8221; animation_style=&#8221;bounce&#8221; text_font_size_tablet=&#8221;20px&#8221; text_font_size_phone=&#8221;14px&#8221; text_font_size_last_edited=&#8221;on|phone&#8221; header_font_size_tablet=&#8221;43px&#8221; header_font_size_phone=&#8221;38px&#8221; header_font_size_last_edited=&#8221;on|phone&#8221; header_2_font_size_tablet=&#8221;20px&#8221; header_2_font_size_phone=&#8221;14px&#8221; header_2_font_size_last_edited=&#8221;on|phone&#8221; header_4_font_size_tablet=&#8221;16px&#8221; header_4_font_size_phone=&#8221;12px&#8221; header_4_font_size_last_edited=&#8221;on|phone&#8221; global_colors_info=&#8221;{%22gcid-d04955a2-4fae-4ef7-8f9d-d0771001e9c2%22:%91%22text_text_color%22,%22header_2_text_color%22%93,%22gcid-0de0ac34-646f-4750-898f-c88f45fb7a59%22:%91%22header_3_text_color%22%93}&#8221;]<\/p>\n<h2 style=\"text-align: center;\">Viernes<\/h2>\n<h4 style=\"text-align: center;\"><span style=\"color: #000000;\">7:00 am \u2013 11:30 pm<br \/>2:00 pm \u2013 4:00 pm<\/span><\/h4>\n<p>[\/et_pb_text][\/et_pb_column_inner][\/et_pb_row_inner][et_pb_row_inner custom_padding_last_edited=&#8221;on|phone&#8221; _builder_version=&#8221;4.27.0&#8243; _module_preset=&#8221;default&#8221; custom_padding=&#8221;4px|||||&#8221; custom_padding_tablet=&#8221;4px|||||&#8221; custom_padding_phone=&#8221;0px||||false|false&#8221; global_colors_info=&#8221;{}&#8221; admin_label=&#8221;Sede&#8221;][et_pb_column_inner saved_specialty_column_type=&#8221;1_2&#8243; _builder_version=&#8221;4.16&#8243; _module_preset=&#8221;default&#8221; global_colors_info=&#8221;{}&#8221;][et_pb_text _builder_version=&#8221;4.27.0&#8243; _module_preset=&#8221;default&#8221; text_font=&#8221;Montserrat||||||||&#8221; text_text_color=&#8221;gcid-d04955a2-4fae-4ef7-8f9d-d0771001e9c2&#8243; text_font_size=&#8221;16px&#8221; header_font=&#8221;Montserrat|600|||||||&#8221; header_text_color=&#8221;gcid-d04955a2-4fae-4ef7-8f9d-d0771001e9c2&#8243; header_font_size=&#8221;20px&#8221; header_2_font=&#8221;Montserrat|600|||||||&#8221; header_2_text_color=&#8221;#ff4940&#8243; header_2_line_height=&#8221;1.8em&#8221; header_3_font=&#8221;Montserrat||||||||&#8221; header_3_text_color=&#8221;#fdc910&#8243; header_4_font=&#8221;Montserrat|500|||||||&#8221; text_orientation=&#8221;center&#8221; animation_style=&#8221;bounce&#8221; text_font_size_tablet=&#8221;20px&#8221; text_font_size_phone=&#8221;14px&#8221; text_font_size_last_edited=&#8221;on|phone&#8221; header_font_size_tablet=&#8221;20px&#8221; header_font_size_phone=&#8221;16px&#8221; header_font_size_last_edited=&#8221;on|phone&#8221; global_colors_info=&#8221;{%22gcid-d04955a2-4fae-4ef7-8f9d-d0771001e9c2%22:%91%22text_text_color%22,%22header_text_color%22%93}&#8221;]<\/p>\n<h1 style=\"text-align: center;\">Sede<\/h1>\n<p style=\"text-align: center;\"><span style=\"color: #000000;\">Carrera 2 No. 50 &#8211; 25 &#8211; Barrancabermeja &#8211; Colombia.<\/span><\/p>\n<p>[\/et_pb_text][\/et_pb_column_inner][\/et_pb_row_inner][\/et_pb_column][et_pb_column type=&#8221;1_2&#8243; _builder_version=&#8221;4.16&#8243; custom_padding=&#8221;|||&#8221; global_colors_info=&#8221;{}&#8221; custom_padding__hover=&#8221;|||&#8221; admin_label=&#8221;Im\u00e1genes&#8221;][et_pb_gallery gallery_ids=&#8221;246813,246804&#8243; fullwidth=&#8221;on&#8221; _builder_version=&#8221;4.27.0&#8243; _module_preset=&#8221;default&#8221; width=&#8221;100%&#8221; max_height=&#8221;700px&#8221; auto=&#8221;on&#8221; global_colors_info=&#8221;{}&#8221; height__hover_enabled=&#8221;off|desktop&#8221;][\/et_pb_gallery][\/et_pb_column][\/et_pb_section][et_pb_section fb_built=&#8221;1&#8243; _builder_version=&#8221;4.27.0&#8243; _module_preset=&#8221;default&#8221; custom_padding=&#8221;0px||0px|||&#8221; global_colors_info=&#8221;{}&#8221; admin_label=&#8221;Mapa Barrancabermeja&#8221;][et_pb_row _builder_version=&#8221;4.27.0&#8243; _module_preset=&#8221;default&#8221; global_colors_info=&#8221;{}&#8221;][et_pb_column type=&#8221;4_4&#8243; _builder_version=&#8221;4.27.0&#8243; _module_preset=&#8221;default&#8221; global_colors_info=&#8221;{}&#8221;][et_pb_code raw_content_tablet=&#8221;&#8221; raw_content_phone=&#8221;<iframe src=%22https:\/\/www.google.com\/maps\/embed?pb=!1m14!1m8!1m3!1d1979.7826528861274!2d-73.87401900000002!3d7.060252000000001!3m2!1i1024!2i768!4f13.1!3m3!1m2!1s0x8e42ec9c7f8215a1%3A0x3f81682b2d7c344e!2stransito%20y%20transporte%20barranca%20santander!5e0!3m2!1ses!2sco!4v1724767118812!5m2!1ses!2sco%22 width=%22594%22 height=%22300%22 style=%22border:0;%22 allowfullscreen=%22%22 loading=%22lazy%22 referrerpolicy=%22no-referrer-when-downgrade%22><\/iframe>&#8221; raw_content_last_edited=&#8221;on|phone&#8221; _builder_version=&#8221;4.27.0&#8243; _module_preset=&#8221;default&#8221; background_color=&#8221;RGBA(255,255,255,0)&#8221; width=&#8221;100%&#8221; custom_margin=&#8221;||||true|true&#8221; custom_margin_tablet=&#8221;38px||||false|false&#8221; custom_margin_phone=&#8221;28px||||false|false&#8221; custom_margin_last_edited=&#8221;on|phone&#8221; custom_padding=&#8221;||||true|true&#8221; custom_padding_tablet=&#8221;||||true&#8221; custom_padding_phone=&#8221;||||true&#8221; custom_padding_last_edited=&#8221;on|phone&#8221; border_radii=&#8221;on|10px|10px|10px|10px&#8221; border_width_all=&#8221;2px&#8221; border_color_all=&#8221;#f8c902&#8243; box_shadow_style=&#8221;preset1&#8243; global_colors_info=&#8221;{%22gcid-0de0ac34-646f-4750-898f-c88f45fb7a59%22:%91%22box_shadow_color__hover%22%93}&#8221; box_shadow_color__hover_enabled=&#8221;on|hover&#8221; box_shadow_color__hover=&#8221;#f8c902&#8243;]<iframe src=\"https:\/\/www.google.com\/maps\/embed?pb=!1m14!1m8!1m3!1d1979.7826528861274!2d-73.87401900000002!3d7.060252000000001!3m2!1i1024!2i768!4f13.1!3m3!1m2!1s0x8e42ec9c7f8215a1%3A0x3f81682b2d7c344e!2stransito%20y%20transporte%20barranca%20santander!5e0!3m2!1ses!2sco!4v1724767118812!5m2!1ses!2sco\" width=\"1188\" height=\"600\" style=\"border:0;\" allowfullscreen=\"\" loading=\"lazy\" referrerpolicy=\"no-referrer-when-downgrade\"><\/iframe>[\/et_pb_code][\/et_pb_column][\/et_pb_row][\/et_pb_section][et_pb_section fb_built=&#8221;1&#8243; _builder_version=&#8221;4.27.0&#8243; _module_preset=&#8221;default&#8221; custom_margin=&#8221;||||true&#8221; custom_padding=&#8221;30px||0px||false|false&#8221; global_colors_info=&#8221;{}&#8221; admin_label=&#8221;Informaci\u00f3n adicional&#8221;][et_pb_row _builder_version=&#8221;4.27.0&#8243; _module_preset=&#8221;default&#8221; background_color=&#8221;gcid-d04955a2-4fae-4ef7-8f9d-d0771001e9c2&#8243; width=&#8221;100%&#8221; max_width=&#8221;2560px&#8221; module_alignment=&#8221;center&#8221; custom_margin=&#8221;0px||0px||true|false&#8221; custom_padding=&#8221;30px||30px||true|false&#8221; animation_style=&#8221;slide&#8221; animation_direction=&#8221;left&#8221; box_shadow_style=&#8221;preset6&#8243; locked=&#8221;off&#8221; global_colors_info=&#8221;{%22gcid-d04955a2-4fae-4ef7-8f9d-d0771001e9c2%22:%91%22background_color%22%93}&#8221;][et_pb_column type=&#8221;4_4&#8243; _builder_version=&#8221;4.16&#8243; _module_preset=&#8221;default&#8221; global_colors_info=&#8221;{}&#8221;][et_pb_text _builder_version=&#8221;4.27.0&#8243; _module_preset=&#8221;default&#8221; text_font=&#8221;Montserrat|700|||||||&#8221; text_text_color=&#8221;#FFFFFF&#8221; text_font_size=&#8221;60px&#8221; header_font=&#8221;Montserrat|700||on|||||&#8221; header_text_color=&#8221;gcid-e59ac1fd-2c17-48ff-9ffe-d172314c39b5&#8243; header_font_size=&#8221;40px&#8221; custom_margin=&#8221;2px||-9px||false|false&#8221; custom_padding=&#8221;0px||0px||true|false&#8221; header_font_size_tablet=&#8221;40px&#8221; header_font_size_phone=&#8221;20px&#8221; header_font_size_last_edited=&#8221;on|phone&#8221; global_colors_info=&#8221;{%22gcid-e59ac1fd-2c17-48ff-9ffe-d172314c39b5%22:%91%22header_text_color%22%93}&#8221;]<\/p>\n<h1 style=\"text-align: center;\">INFORMACI\u00d3N ADICIONAL<\/h1>\n<p>[\/et_pb_text][\/et_pb_column][\/et_pb_row][\/et_pb_section][et_pb_section fb_built=&#8221;1&#8243; _builder_version=&#8221;4.27.0&#8243; _module_preset=&#8221;default&#8221; global_colors_info=&#8221;{}&#8221; admin_label=&#8221;Contenido&#8221;][et_pb_row column_structure=&#8221;1_2,1_2&#8243; _builder_version=&#8221;4.27.0&#8243; _module_preset=&#8221;default&#8221; animation_style=&#8221;bounce&#8221; global_colors_info=&#8221;{}&#8221;][et_pb_column type=&#8221;1_2&#8243; _builder_version=&#8221;4.27.0&#8243; _module_preset=&#8221;default&#8221; global_colors_info=&#8221;{}&#8221; admin_label=&#8221;Direcci\u00f3n y tel\u00e9fonos&#8221;][et_pb_text _builder_version=&#8221;4.27.0&#8243; _module_preset=&#8221;default&#8221; header_3_font=&#8221;Montserrat|600|||||||&#8221; header_3_text_color=&#8221;#000000&#8243; header_3_font_size=&#8221;20px&#8221; header_4_font=&#8221;Montserrat|300|||||||&#8221; header_4_text_color=&#8221;gcid-f513a414-fb40-4551-81b8-8a603eb294c8&#8243; header_4_line_height=&#8221;1.2em&#8221; header_3_font_size_tablet=&#8221;20px&#8221; header_3_font_size_phone=&#8221;16px&#8221; header_3_font_size_last_edited=&#8221;on|phone&#8221; header_4_font_size_tablet=&#8221;&#8221; header_4_font_size_phone=&#8221;14px&#8221; header_4_font_size_last_edited=&#8221;on|phone&#8221; global_colors_info=&#8221;{%22gcid-f513a414-fb40-4551-81b8-8a603eb294c8%22:%91%22header_4_text_color%22%93}&#8221;]<\/p>\n<h3>Recibo de correspondencia:<\/h3>\n<h4>Carrera 2 No. 50 &#8211; 25 Barrancabermeja &#8211; Colombia.Sec.<\/h4>\n<h3>Direcci\u00f3n:<\/h3>\n<h4>3002787568<\/h4>\n<h3>Ofi. Cobro coactivo:<\/h3>\n<h4>(607) 6223474 Ext 1800<\/h4>\n<h3>Guardia de Tto.:<\/h3>\n<h4>6228685 \u2013 3002787376 \u2013 3508714628<\/h4>\n<p>[\/et_pb_text][\/et_pb_column][et_pb_column type=&#8221;1_2&#8243; _builder_version=&#8221;4.27.0&#8243; _module_preset=&#8221;default&#8221; global_colors_info=&#8221;{}&#8221; admin_label=&#8221;Correos y director&#8221;][et_pb_text _builder_version=&#8221;4.27.0&#8243; _module_preset=&#8221;default&#8221; header_3_font=&#8221;Montserrat|600|||||||&#8221; header_3_text_color=&#8221;#000000&#8243; header_3_font_size=&#8221;20px&#8221; header_4_font=&#8221;Montserrat|300|||||||&#8221; header_4_text_color=&#8221;gcid-f513a414-fb40-4551-81b8-8a603eb294c8&#8243; header_4_line_height=&#8221;1.2em&#8221; header_3_font_size_tablet=&#8221;20px&#8221; header_3_font_size_phone=&#8221;16px&#8221; header_3_font_size_last_edited=&#8221;on|phone&#8221; header_4_font_size_tablet=&#8221;&#8221; header_4_font_size_phone=&#8221;14px&#8221; header_4_font_size_last_edited=&#8221;on|phone&#8221; global_colors_info=&#8221;{%22gcid-f513a414-fb40-4551-81b8-8a603eb294c8%22:%91%22header_4_text_color%22%93}&#8221;]<\/p>\n<h3>Director:<\/h3>\n<h4>CESAR AUGUSTO GUZMAN AREIZA<\/h4>\n<h3>Correo institucional:<\/h3>\n<h4>cguzman@transitobarrancabermeja.gov.co<\/h4>\n<h3>Notificaciones Judiciales:<\/h3>\n<h4>notificacionesjudiciales@transitobarrancabermeja.gov.co<\/h4>\n<h3>Avantel:<\/h3>\n<h4>14656*11<\/h4>\n<p>[\/et_pb_text][\/et_pb_column][\/et_pb_row][\/et_pb_section]<\/p>\n","protected":false},"excerpt":{"rendered":"<p>Atenci\u00f3n a la Ciudadan\u00edaHorariode Atenci\u00f3nLunes a Jueves 7:00 am \u2013 11:30 pm2:00 pm \u2013 5:00 pmViernes 7:00 am \u2013 11:30 pm2:00 pm \u2013 4:00 pmSede Carrera 2 No. 50 &#8211; [&hellip;]<\/p>\n","protected":false},"author":1,"featured_media":0,"parent":0,"menu_order":0,"comment_status":"closed","ping_status":"closed","template":"","meta":{"_et_pb_use_builder":"on","_et_pb_old_content":"","_et_gb_content_width":"","footnotes":""},"class_list":["post-246475","page","type-page","status-publish","hentry"],"jetpack_sharing_enabled":true,"_links":{"self":[{"href":"https:\/\/transitobarrancabermeja.gov.co\/ittb\/wp-json\/wp\/v2\/pages\/246475","targetHints":{"allow":["GET"]}}],"collection":[{"href":"https:\/\/transitobarrancabermeja.gov.co\/ittb\/wp-json\/wp\/v2\/pages"}],"about":[{"href":"https:\/\/transitobarrancabermeja.gov.co\/ittb\/wp-json\/wp\/v2\/types\/page"}],"author":[{"embeddable":true,"href":"https:\/\/transitobarrancabermeja.gov.co\/ittb\/wp-json\/wp\/v2\/users\/1"}],"replies":[{"embeddable":true,"href":"https:\/\/transitobarrancabermeja.gov.co\/ittb\/wp-json\/wp\/v2\/comments?post=246475"}],"version-history":[{"count":12,"href":"https:\/\/transitobarrancabermeja.gov.co\/ittb\/wp-json\/wp\/v2\/pages\/246475\/revisions"}],"predecessor-version":[{"id":251500,"href":"https:\/\/transitobarrancabermeja.gov.co\/ittb\/wp-json\/wp\/v2\/pages\/246475\/revisions\/251500"}],"wp:attachment":[{"href":"https:\/\/transitobarrancabermeja.gov.co\/ittb\/wp-json\/wp\/v2\/media?parent=246475"}],"curies":[{"name":"wp","href":"https:\/\/api.w.org\/{rel}","templated":true}]}}